{"id":1013,"date":"2023-08-07T10:41:51","date_gmt":"2023-08-07T09:41:51","guid":{"rendered":"http:\/\/4-pack.com\/?page_id=1013"},"modified":"2024-10-10T14:43:49","modified_gmt":"2024-10-10T12:43:49","slug":"our-privacy-policy","status":"publish","type":"page","link":"https:\/\/4-pack.com\/it\/our-privacy-policy\/","title":{"rendered":"Privacy Policy"},"content":{"rendered":"<p><b>Informativa sul trattamento dei dati personali ai sensi dell\u2019art. 13 del Regolamento Europeo per la protezione dei dati personali n. 679\/2016, (GDPR)<\/b><\/p>\n<p><span style=\"font-weight: 400;\">Gentile Utente, in questa pagina troverai le informazioni relative alle modalit\u00e0 di gestione dei dati personali gestiti attraverso il sito. Quando raccogliamo, trattiamo e conserviamo dati personali, rispettiamo tutti i requisiti di legge, in particolare le disposizioni del Regolamento sulla protezione dei dati dell&#8217;UE (Regolamento Europeo sulla Protezione dei Data Personali 2016\/679 \u201cGDPR\u201d).<\/span><\/p>\n<p><span style=\"font-weight: 400;\">La presente Policy si applica esclusivamente alle attivit\u00e0 di trattamento effettuate mediante raccolta o acquisizione dei dati tramite il presente sito. Lo scopo dell&#8217;informativa privacy \u00e8 di fornire la massima trasparenza relativamente alle informazioni che il sito raccoglie.<\/span><\/p>\n<ul>\n<li aria-level=\"1\"><b>TITOLARE DEL TRATTAMENTO E RESPONSABILE DELLA PROTEZIONE DEI DATI.<\/b><\/li>\n<\/ul>\n<p><span style=\"font-weight: 400;\">Le Societ\u00e0 Contitolari dei dati raccolti e pervenuti mediante il sito, sono <\/span><b>4 flying s.r.l.<\/b><span style=\"font-weight: 400;\"> con sede in Campagnola di Zevio (VR) Viale Edison, 6, <\/span><a href=\"mailto:contact@4-pack.com\"><span style=\"font-weight: 400;\">contact@4-pack.com<\/span><\/a><span style=\"font-weight: 400;\">, e la societ\u00e0 <\/span><b>4<\/b><b> flying ltd, <\/b><span style=\"font-weight: 400;\">con sede legale in Londra, 31-35 Kirby Street, contact@4-pack.com<\/span><\/p>\n<p><span style=\"font-weight: 400;\">Il DPO di 4 FLYING S.R.L.<\/span> <span style=\"font-weight: 400;\">\u00e8 contattabile al seguente indirizzo: <\/span><a href=\"mailto:infoprivacy@4-flying.com\"><span style=\"font-weight: 400;\">infoprivacy@4-flying.com<\/span><\/a><span style=\"font-weight: 400;\">\u00a0<\/span><\/p>\n<p><span style=\"font-weight: 400;\">Le Societ\u00e0 hanno stipulato un Accordo di Contitolarit\u00e0, limitatamente al trattamento dei dati acquisiti con l\u2019utilizzo del sito da parte degli utenti e il trattamento successivo dei dati per le finalit\u00e0 indicate nella presente informativa.<\/span><\/p>\n<ul>\n<li aria-level=\"1\"><b>BASE GIURIDICA DEL TRATTAMENTO, MODALITA\u2019 E OGGETTO DEL TRATTAMENTO:\u00a0<\/b><\/li>\n<\/ul>\n<p><span style=\"font-weight: 400;\">I dati raccolti con il presente sito sono trattati per esigenze precontrattuali, per legittimo interesse delle Contitolari all\u2019attivit\u00e0 di promozione di servizi e prodotti, per l\u2019attivit\u00e0 di marketing e profilazione, in base al consenso eventualmente prestato.\u00a0<\/span><\/p>\n<p><span style=\"font-weight: 400;\">Il trattamento dei dati sar\u00e0 effettuato per le finalit\u00e0 di cui al punto seguente, nel rispetto delle norme privacy in vigore e improntato ai principi di correttezza, liceit\u00e0 e trasparenza, svolto nell\u2019osservanza dei principi di pertinenza, completezza e non eccedenza dei dati trattati.<\/span><\/p>\n<p><span style=\"font-weight: 400;\">Il trattamento potr\u00e0 consistere nelle seguenti operazioni: raccolta, registrazione, organizzazione e conservazione, consultazione e utilizzo, elaborazione, modificazione, selezione, estrazione, raffronto, interconnessione, trasmissione e comunicazione, cancellazione e distruzione, blocco e limitazione.\u00a0\u00a0<\/span><\/p>\n<p><span style=\"font-weight: 400;\">Il trattamento sar\u00e0 svolto dalle Contitolari, dai Responsabili del trattamento esterni delle Contitolari e da soggetti specificamente autorizzati ed istruiti al corretto trattamento dei dati.<\/span><\/p>\n<ul>\n<li aria-level=\"1\"><b>DATI RACCOLTI, FINALITA\u2019 DEL TRATTAMENTO E TEMPO DI CONSERVAZIONE<\/b><\/li>\n<\/ul>\n<p><span style=\"font-weight: 400;\">Navigando sul nostro sito, verranno raccolti i dati di navigazione dati mediante l\u2019uso di log files nei quali vengono conservate informazioni raccolte in maniera automatizzata durante le visite degli utenti. Le informazioni raccolte potrebbero essere le seguenti:\u00a0<\/span><\/p>\n<p><span style=\"font-weight: 400;\">&#8211; indirizzo internet protocol (IP);<\/span><\/p>\n<p><span style=\"font-weight: 400;\">&#8211; tipo di browser e parametri del dispositivo usato per connettersi al sito;<\/span><\/p>\n<p><span style=\"font-weight: 400;\">&#8211; nome dell&#8217;internet service provider (ISP);<\/span><\/p>\n<p><span style=\"font-weight: 400;\">&#8211; data e orario di visita;<\/span><\/p>\n<p><span style=\"font-weight: 400;\">&#8211; pagina web di provenienza del visitatore (referral) e di uscita;<\/span><\/p>\n<p><span style=\"font-weight: 400;\">&#8211; eventualmente il numero di click;<\/span><\/p>\n<p><span style=\"font-weight: 400;\">&#8211; operazioni effettuate all\u2019interno del sito;<\/span><\/p>\n<p><span style=\"font-weight: 400;\">A fini di sicurezza (filtri antispam, firewall, rilevazione virus), i dati registrati automaticamente possono eventualmente comprendere anche dati personali come l&#8217;indirizzo Ip, che potrebbe essere utilizzato, conformemente alle leggi vigenti in materia, al fine di bloccare tentativi di danneggiamento al sito medesimo o di recare danno ad altri utenti, o comunque attivit\u00e0 dannose o costituenti reato.\u00a0<\/span><\/p>\n<p><span style=\"font-weight: 400;\">Mediante l\u2019inserimento dei dati nella sezione \u201ccontattaci\u201d, inoltre, puoi inviarci i dati identificativi di contatto (ad esempio: nome, cognome, indirizzo, telefono, e-mail, etc).<\/span><\/p>\n<p><span style=\"font-weight: 400;\">Il trattamento dei dati sar\u00e0 effettuato con le seguenti finalit\u00e0:<\/span><\/p>\n<ol>\n<li style=\"font-weight: 400;\" aria-level=\"1\"><span style=\"font-weight: 400;\">Invio dei dati di contatto (identificativi e anagrafici) tramite inserimento nel form \u201cContattaci\u201d<\/span><span style=\"font-weight: 400;\"> per la registrazione nel CRM della Societ\u00e0, attivazione dei servizi richiesti, gestione del customer care e i contatti (per l\u2019esecuzione di un contratto o la gestione del rapporto precontrattuale); <\/span><b>tempo di conservazione<\/b><span style=\"font-weight: 400;\">: durata contrattuale e, dopo la cessazione, 10 anni.<\/span><\/li>\n<\/ol>\n<p>&nbsp;<\/p>\n<ol>\n<li style=\"font-weight: 400;\" aria-level=\"1\"><span style=\"font-weight: 400;\">Adempiere agli obblighi previsti dalla legge e da regolamenti<\/span><span style=\"font-weight: 400;\"> (per assolvere agli obblighi di legge); <\/span><b>tempo di conservazione<\/b><span style=\"font-weight: 400;\">: 10 anni o comunque durata prevista dalla normativa in vigore;<\/span><\/li>\n<\/ol>\n<p>&nbsp;<\/p>\n<ol>\n<li style=\"font-weight: 400;\" aria-level=\"1\"><span style=\"font-weight: 400;\">Esercitare un diritto in sede giudiziaria<\/span><span style=\"font-weight: 400;\">; <\/span><b>tempo di conservazione<\/b><span style=\"font-weight: 400;\">: per tutta la durata del contenzioso giudiziale;<\/span><\/li>\n<\/ol>\n<p>&nbsp;<\/p>\n<ol>\n<li style=\"font-weight: 400;\" aria-level=\"1\"><span style=\"font-weight: 400;\">Finalit\u00e0 di marketing diretto<\/span><span style=\"font-weight: 400;\">: a titolo esemplificativo, invio &#8211; con modalit\u00e0 automatizzate di contatto (come sms, mms, e-mail, social networks, app di messaggistica istantanea, notifiche push) e tradizionali (come telefonate con operatore e posta tradizionale) &#8211; di comunicazioni promozionali e commerciali relative a servizi\/prodotti offerti dalla Societ\u00e0 o segnalazione di eventi aziendali, nonch\u00e9 rilevazione del grado di soddisfazione della clientela, realizzazione di indagini di mercato e analisi statistiche (con il tuo consenso facoltativo, revocabile in qualsiasi momento); <\/span><b>tempo di conservazione<\/b><span style=\"font-weight: 400;\">: fino alla revoca del consenso per dati di contatto e anagrafici, 5 anni per i dati inerenti gli acquisti;<\/span><\/li>\n<\/ol>\n<p>&nbsp;<\/p>\n<ol>\n<li style=\"font-weight: 400;\" aria-level=\"1\"><span style=\"font-weight: 400;\">Finalit\u00e0 di profilazione e retargeting<\/span><span style=\"font-weight: 400;\">: (con il tuo previo consenso revocabile in ogni momento) analisi delle preferenze, abitudini, comportamenti, interessi, anche attraverso l\u2019installazione di cookie analitici e di profilazione, al fine di inviarle comunicazioni commerciali personalizzate\/azioni promozionali mirate\/offerte e servizi adeguate alle esigenze\/preferenze, anche su siti di terze parti (retargeting); <\/span><b>tempo di conservazione<\/b><span style=\"font-weight: 400;\">: fino alla revoca del consenso per dati di contatto e anagrafici, 5 anni per i dati inerenti gli acquisti.<\/span><\/li>\n<\/ol>\n<p><b>Decorsi i termini di conservazione sopra indicati, i dati saranno distrutti, cancellati o resi anonimi.<\/b><\/p>\n<ol start=\"4\">\n<li><b> <\/b> <b>CONSENSO AL CONFERIMENTO DEI DATI, AL LORO UTILIZZO E CONSEGUENZE DEL RIFIUTO DI PRESTARE IL CONSENSO.<\/b><\/li>\n<\/ol>\n<p><span style=\"font-weight: 400;\">I suoi dati personali sono trattati:\u00a0<\/span><\/p>\n<p><b>4.A. Senza il consenso espresso<\/b><span style=\"font-weight: 400;\"> (art. 6 GDPR) per le seguenti finalit\u00e0 di servizio:\u00a0<\/span><\/p>\n<ul>\n<li><span style=\"font-weight: 400;\">Concludere i contratti per i servizi\/prodotti offerti dalle Contitolari;\u00a0<\/span><\/li>\n<li><span style=\"font-weight: 400;\">Adempiere agli obblighi precontrattuali, contrattuali e fiscali derivanti da rapporti con lei in essere;\u00a0<\/span><\/li>\n<li><span style=\"font-weight: 400;\">Adempiere agli obblighi previsti dalla legge, da regolamenti, dalla normativa comunitaria o da un ordine dell\u2019Autorit\u00e0 (ad esempio, ai sensi della Normativa Antiriciclaggio);\u00a0<\/span><\/li>\n<li><span style=\"font-weight: 400;\">Esercitare i diritti delle Contitolari, ad esempio il diritto di difesa in giudizio;\u00a0<\/span><\/li>\n<\/ul>\n<p><b>4.B. Solo previo specifico e distinto consenso<\/b><span style=\"font-weight: 400;\"> (art. 7 GDPR), per le seguenti finalit\u00e0 di marketing:\u00a0<\/span><\/p>\n<ul>\n<li style=\"font-weight: 400;\" aria-level=\"1\"><span style=\"font-weight: 400;\">Invio di e- mail, posta e\/o sms e\/o contatti telefonici, newsletter, comunicazioni commerciali e\/o materiale pubblicitario, anche con modalit\u00e0 automatizzate di contatto, aventi ad oggetto prodotti o servizi offerti dalle Contitolari e rilevazione del grado di soddisfazione sulla qualit\u00e0 dei servizi;<\/span><\/li>\n<li style=\"font-weight: 400;\" aria-level=\"1\"><span style=\"font-weight: 400;\">Effettuare profilazione e retargeting.<\/span><\/li>\n<\/ul>\n<p><span style=\"font-weight: 400;\">Il conferimento dei dati per le finalit\u00e0 di cui al punto 4.A. \u00e8 facoltativo. Il rifiuto al conferimento, tuttavia, comporter\u00e0 l\u2019impossibilit\u00e0 di ogni contatto con le Contitolari, e non potremo garantire i relativi servizi.\u00a0<\/span><\/p>\n<p><span style=\"font-weight: 400;\">Il conferimento dei dati per le finalit\u00e0 di cui al punto 4.B \u00e8 facoltativo e revocabile in qualsiasi momento. Puoi quindi decidere di non conferire alcun dato, o di negare successivamente la possibilit\u00e0 di trattare, per tali finalit\u00e0, dati gi\u00e0 forniti; in tal caso, non potrai ricevere newsletter, comunicazioni commerciali e materiale pubblicitario, inerenti a servizi e prodotti offerti dalle Contitolari.\u00a0<\/span><\/p>\n<p><span style=\"font-weight: 400;\">Per non ricevere pi\u00f9 la newsletter, potrai cliccare sul link \u201cunsubscribe\u201d presente in ciascuna newsletter oppure accedere al suo profilo personale e rimuovere la flag di consenso.<\/span><\/p>\n<ul>\n<li aria-level=\"1\"><b>COMUNICAZIONE e DESTINATARI DEI DATI<\/b><\/li>\n<\/ul>\n<p><span style=\"font-weight: 400;\">Possiamo comunicare le tue informazioni personali se ci \u00e8 richiesto dalla Legge, se violi i nostri Termini di servizio, se serve per garantire il funzionamento dell\u2019attivit\u00e0 aziendale delle Contitolari, a soggetti incaricati e istruiti dalle contitolari stesse, a Responsabili esterni espressamente designati che operano per conto delle Contitolari (es. commercialisti, consulenti, tecnici informatici etc), agli Addetti IT o agli Amministratori di Sistema.<\/span><\/p>\n<ul>\n<li aria-level=\"1\"><b>TRASFERIMENTO DEI DATI ALL\u2019ESTERO<\/b><\/li>\n<\/ul>\n<p><span style=\"font-weight: 400;\">I dati personali raccolti con la navigazione nel sito online e con l\u2019inserimento nella pagina <\/span><i><span style=\"font-weight: 400;\">Contattaci<\/span><\/i><span style=\"font-weight: 400;\">, giungono anche alla societ\u00e0 4 Flying Ltd con sede a Londra <\/span><b>EC1N 8TE &#8211; 31-35 Kirby Street.\u00a0 <\/b><span style=\"font-weight: 400;\">Tale trasferimento, tuttavia, viene effettuato con un livello di protezione adeguato dei dati personali trasferiti dall\u2019Unione Europea, cos\u00ec come stabilito nella DECISIONE DI ESECUZIONE (UE) n. 2021\/1773 della Commissione Europea del 28 giugno 2021 a norma della direttiva (UE) 2016\/680 del Parlamento Europeo e del Consiglio, sull\u2019adeguata protezione dei dati personali da parte del Regno Unito.\u00a0<\/span><\/p>\n<ul>\n<li aria-level=\"1\"><b>SERVIZI DI TERZI<\/b><\/li>\n<\/ul>\n<p><span style=\"font-weight: 400;\">In generale, i fornitori di terze parti utilizzati raccolgono, utilizzano e divulgano le tue informazioni nella misura necessaria per consentire loro di eseguire i servizi che essi forniscono.\u00a0<\/span><\/p>\n<ul>\n<li aria-level=\"1\"><b>DIRITTI DELL\u2019UTENTE<\/b><\/li>\n<\/ul>\n<p><span style=\"font-weight: 400;\">Ai sensi del Regolamento europeo 679\/2016 (GDPR) e della normativa nazionale, l&#8217;Utente pu\u00f2, secondo le modalit\u00e0 e nei limiti previsti dalla vigente normativa, esercitare i seguenti diritti:\u00a0<\/span><\/p>\n<ul>\n<li style=\"font-weight: 400;\" aria-level=\"1\"><b>Informazione:<\/b><span style=\"font-weight: 400;\">\u00a0gli interessati saranno informati tempestivamente e in modo trasparente sull&#8217;eventualit\u00e0 e modalit\u00e0 di trattamento dei loro dati. Ci\u00f2 vale sia nel caso in cui i dati personali siano raccolti direttamente presso l&#8217;interessato, sia nel caso di raccolta dei dati presso altri soggetti terzi.<\/span><\/li>\n<li style=\"font-weight: 400;\" aria-level=\"1\"><b>Accesso<\/b><span style=\"font-weight: 400;\">: gli interessati possono in qualsiasi momento richiedere informazioni sui dati personali archiviati e\/o trattati nonch\u00e9 una copia di tali dati.<\/span><\/li>\n<li style=\"font-weight: 400;\" aria-level=\"1\"><b>Rettifica<\/b><span style=\"font-weight: 400;\">: gli interessati possono in qualsiasi momento richiedere la correzione o il completamento di dati personali falsi o incompleti, ad esempio, se un nome o un indirizzo non \u00e8 corretto.<\/span><\/li>\n<li style=\"font-weight: 400;\" aria-level=\"1\"><b>Cancellazione<\/b><span style=\"font-weight: 400;\">: gli interessati possono richiedere la cancellazione dei propri dati personali, nella misura in cui non vi siano obblighi o diritti contrastanti, ad es. obblighi di conservazione per ragioni fiscali\/commerciali. L&#8217;interessato ha anche il diritto di essere &#8220;dimenticato&#8221;, con la conseguenza che altri titolari sono informati della richiesta di cancellazione, nella misura in cui le Contitolari hanno comunicato loro i dati personali.<\/span><\/li>\n<li style=\"font-weight: 400;\" aria-level=\"1\"><b>Limitazione del trattamento<\/b><span style=\"font-weight: 400;\">: gli interessati possono richiedere che il trattamento dei loro dati personali sia limitato.<\/span><\/li>\n<li style=\"font-weight: 400;\" aria-level=\"1\"><b>Opposizione<\/b><span style=\"font-weight: 400;\">: gli interessati possono opporsi al trattamento dei propri dati personali a fini marketing in qualsiasi momento. Un&#8217;opposizione \u00e8 comunque possibile in determinate condizioni, in considerazione delle particolari circostanze personali dell&#8217;interessato.<\/span><\/li>\n<li style=\"font-weight: 400;\" aria-level=\"1\"><b>Processo decisionale automatizzato<\/b><span style=\"font-weight: 400;\">: nel contesto di transazioni commerciali efficienti, gli interessati sono soggetti a una decisione automatizzata solo se ci\u00f2 \u00e8 lecito, ad es. nel contesto dell&#8217;adempimento del contratto. Le persone interessate sono informate delle corrispondenti procedure di elaborazione automatizzata<\/span><\/li>\n<li style=\"font-weight: 400;\" aria-level=\"1\"><b>Diritto di presentare un reclamo all\u2019Autorit\u00e0 di controllo<\/b><span style=\"font-weight: 400;\"> (Garante Privacy \u2013www.garanteprivacy.it)<\/span><\/li>\n<li style=\"font-weight: 400;\" aria-level=\"1\"><span style=\"font-weight: 400;\">nonch\u00e9, pi\u00f9 in generale, esercitare tutti i diritti che gli sono riconosciuti dalle vigenti disposizioni di legge.<\/span><\/li>\n<\/ul>\n<p><span style=\"font-weight: 400;\">Le richieste vanno rivolte al seguente indirizzo:\u00a0<\/span><\/p>\n<p><a href=\"mailto:infoprivacy@4-flying.com\"><span style=\"font-weight: 400;\">infoprivacy@4-flying.com<\/span><\/a><span style=\"font-weight: 400;\"> in lingua italiana o alla mail <\/span><a href=\"mailto:contact@4-pack.com\"><span style=\"font-weight: 400;\">contact@4-pack.com<\/span><\/a><span style=\"font-weight: 400;\"> in lingua inglese<\/span><\/p>\n<ul>\n<li aria-level=\"1\"><b>MODIFICHE A QUESTA POLITICA DI PRIVACY<\/b><\/li>\n<\/ul>\n<p><span style=\"font-weight: 400;\">Ci riserviamo il diritto di modificare questa politica sulla privacy in qualsiasi momento. Le modifiche e le precisazioni avranno effetto immediatamente dopo la loro pubblicazione sul sito web.\u00a0<\/span><\/p>\n<p>&nbsp;<\/p>\n<p><span style=\"font-weight: 400;\">26 settembre 2024<\/span><\/p>\n","protected":false},"excerpt":{"rendered":"<p>Informativa sul trattamento dei dati personali ai sensi dell\u2019art. 13 del Regolamento Europeo per la protezione dei dati personali n. 679\/2016, (GDPR) Gentile Utente, in questa pagina troverai le informazioni relative alle modalit\u00e0 di gestione dei dati personali gestiti attraverso il sito. Quando raccogliamo, trattiamo e conserviamo dati personali, rispettiamo tutti i requisiti di legge, [&hellip;]<\/p>\n","protected":false},"author":1,"featured_media":0,"parent":0,"menu_order":0,"comment_status":"closed","ping_status":"closed","template":"","meta":{"_acf_changed":false,"inline_featured_image":false,"footnotes":""},"class_list":["post-1013","page","type-page","status-publish","hentry"],"acf":[],"yoast_head":"<!-- This site is optimized with the Yoast SEO plugin v27.4 - https:\/\/yoast.com\/product\/yoast-seo-wordpress\/ -->\n<title>Privacy Policy - 4 Pack Italian<\/title>\n<meta name=\"description\" content=\"Safeguarding Your Information: Explore our Privacy Policy to understand how we prioritise your data security and privacy. Learn about the measures we take to protect your personal information.\" \/>\n<meta name=\"robots\" content=\"index, follow, max-snippet:-1, max-image-preview:large, max-video-preview:-1\" \/>\n<link rel=\"canonical\" href=\"https:\/\/4-pack.com\/it\/our-privacy-policy\/\" \/>\n<meta property=\"og:locale\" content=\"it_IT\" \/>\n<meta property=\"og:type\" content=\"article\" \/>\n<meta property=\"og:title\" content=\"Privacy Policy - 4 Pack Italian\" \/>\n<meta property=\"og:description\" content=\"Safeguarding Your Information: Explore our Privacy Policy to understand how we prioritise your data security and privacy. Learn about the measures we take to protect your personal information.\" \/>\n<meta property=\"og:url\" content=\"https:\/\/4-pack.com\/it\/our-privacy-policy\/\" \/>\n<meta property=\"og:site_name\" content=\"4 Pack Italian\" \/>\n<meta property=\"article:modified_time\" content=\"2024-10-10T12:43:49+00:00\" \/>\n<meta name=\"twitter:card\" content=\"summary_large_image\" \/>\n<meta name=\"twitter:label1\" content=\"Tempo di lettura stimato\" \/>\n\t<meta name=\"twitter:data1\" content=\"9 minuti\" \/>\n<script type=\"application\/ld+json\" class=\"yoast-schema-graph\">{\"@context\":\"https:\\\/\\\/schema.org\",\"@graph\":[{\"@type\":\"WebPage\",\"@id\":\"https:\\\/\\\/4-pack.com\\\/it\\\/our-privacy-policy\\\/\",\"url\":\"https:\\\/\\\/4-pack.com\\\/it\\\/our-privacy-policy\\\/\",\"name\":\"Privacy Policy - 4 Pack Italian\",\"isPartOf\":{\"@id\":\"https:\\\/\\\/4-pack.com\\\/it\\\/#website\"},\"datePublished\":\"2023-08-07T09:41:51+00:00\",\"dateModified\":\"2024-10-10T12:43:49+00:00\",\"description\":\"Safeguarding Your Information: Explore our Privacy Policy to understand how we prioritise your data security and privacy. Learn about the measures we take to protect your personal information.\",\"breadcrumb\":{\"@id\":\"https:\\\/\\\/4-pack.com\\\/it\\\/our-privacy-policy\\\/#breadcrumb\"},\"inLanguage\":\"it-IT\",\"potentialAction\":[{\"@type\":\"ReadAction\",\"target\":[\"https:\\\/\\\/4-pack.com\\\/it\\\/our-privacy-policy\\\/\"]}]},{\"@type\":\"BreadcrumbList\",\"@id\":\"https:\\\/\\\/4-pack.com\\\/it\\\/our-privacy-policy\\\/#breadcrumb\",\"itemListElement\":[{\"@type\":\"ListItem\",\"position\":1,\"name\":\"Home\",\"item\":\"https:\\\/\\\/4-pack.com\\\/it\\\/\"},{\"@type\":\"ListItem\",\"position\":2,\"name\":\"Privacy Policy\"}]},{\"@type\":\"WebSite\",\"@id\":\"https:\\\/\\\/4-pack.com\\\/it\\\/#website\",\"url\":\"https:\\\/\\\/4-pack.com\\\/it\\\/\",\"name\":\"4 Pack Italian\",\"description\":\"\",\"potentialAction\":[{\"@type\":\"SearchAction\",\"target\":{\"@type\":\"EntryPoint\",\"urlTemplate\":\"https:\\\/\\\/4-pack.com\\\/it\\\/?s={search_term_string}\"},\"query-input\":{\"@type\":\"PropertyValueSpecification\",\"valueRequired\":true,\"valueName\":\"search_term_string\"}}],\"inLanguage\":\"it-IT\"}]}<\/script>\n<!-- \/ Yoast SEO plugin. -->","yoast_head_json":{"title":"Privacy Policy - 4 Pack Italian","description":"Safeguarding Your Information: Explore our Privacy Policy to understand how we prioritise your data security and privacy. Learn about the measures we take to protect your personal information.","robots":{"index":"index","follow":"follow","max-snippet":"max-snippet:-1","max-image-preview":"max-image-preview:large","max-video-preview":"max-video-preview:-1"},"canonical":"https:\/\/4-pack.com\/it\/our-privacy-policy\/","og_locale":"it_IT","og_type":"article","og_title":"Privacy Policy - 4 Pack Italian","og_description":"Safeguarding Your Information: Explore our Privacy Policy to understand how we prioritise your data security and privacy. Learn about the measures we take to protect your personal information.","og_url":"https:\/\/4-pack.com\/it\/our-privacy-policy\/","og_site_name":"4 Pack Italian","article_modified_time":"2024-10-10T12:43:49+00:00","twitter_card":"summary_large_image","twitter_misc":{"Tempo di lettura stimato":"9 minuti"},"schema":{"@context":"https:\/\/schema.org","@graph":[{"@type":"WebPage","@id":"https:\/\/4-pack.com\/it\/our-privacy-policy\/","url":"https:\/\/4-pack.com\/it\/our-privacy-policy\/","name":"Privacy Policy - 4 Pack Italian","isPartOf":{"@id":"https:\/\/4-pack.com\/it\/#website"},"datePublished":"2023-08-07T09:41:51+00:00","dateModified":"2024-10-10T12:43:49+00:00","description":"Safeguarding Your Information: Explore our Privacy Policy to understand how we prioritise your data security and privacy. Learn about the measures we take to protect your personal information.","breadcrumb":{"@id":"https:\/\/4-pack.com\/it\/our-privacy-policy\/#breadcrumb"},"inLanguage":"it-IT","potentialAction":[{"@type":"ReadAction","target":["https:\/\/4-pack.com\/it\/our-privacy-policy\/"]}]},{"@type":"BreadcrumbList","@id":"https:\/\/4-pack.com\/it\/our-privacy-policy\/#breadcrumb","itemListElement":[{"@type":"ListItem","position":1,"name":"Home","item":"https:\/\/4-pack.com\/it\/"},{"@type":"ListItem","position":2,"name":"Privacy Policy"}]},{"@type":"WebSite","@id":"https:\/\/4-pack.com\/it\/#website","url":"https:\/\/4-pack.com\/it\/","name":"4 Pack Italian","description":"","potentialAction":[{"@type":"SearchAction","target":{"@type":"EntryPoint","urlTemplate":"https:\/\/4-pack.com\/it\/?s={search_term_string}"},"query-input":{"@type":"PropertyValueSpecification","valueRequired":true,"valueName":"search_term_string"}}],"inLanguage":"it-IT"}]}},"_links":{"self":[{"href":"https:\/\/4-pack.com\/it\/wp-json\/wp\/v2\/pages\/1013","targetHints":{"allow":["GET"]}}],"collection":[{"href":"https:\/\/4-pack.com\/it\/wp-json\/wp\/v2\/pages"}],"about":[{"href":"https:\/\/4-pack.com\/it\/wp-json\/wp\/v2\/types\/page"}],"author":[{"embeddable":true,"href":"https:\/\/4-pack.com\/it\/wp-json\/wp\/v2\/users\/1"}],"replies":[{"embeddable":true,"href":"https:\/\/4-pack.com\/it\/wp-json\/wp\/v2\/comments?post=1013"}],"version-history":[{"count":5,"href":"https:\/\/4-pack.com\/it\/wp-json\/wp\/v2\/pages\/1013\/revisions"}],"predecessor-version":[{"id":2136,"href":"https:\/\/4-pack.com\/it\/wp-json\/wp\/v2\/pages\/1013\/revisions\/2136"}],"wp:attachment":[{"href":"https:\/\/4-pack.com\/it\/wp-json\/wp\/v2\/media?parent=1013"}],"curies":[{"name":"wp","href":"https:\/\/api.w.org\/{rel}","templated":true}]}}