{"id":1030,"date":"2023-08-07T11:02:53","date_gmt":"2023-08-07T10:02:53","guid":{"rendered":"http:\/\/4-pack.com\/?page_id=1030"},"modified":"2023-11-13T14:35:24","modified_gmt":"2023-11-13T14:35:24","slug":"cookies","status":"publish","type":"page","link":"https:\/\/4-pack.com\/it\/cookies\/","title":{"rendered":"Cookies"},"content":{"rendered":"<div class=\"html-area text-dark-blue aos-init aos-animate\" data-aos=\"fade-up\" data-aos-delay=\"200\" data-aos-duration=\"1000\">\n<h2>Cosa sono i cookie?<\/h2>\n<p>La presente Cookie Policy contiene informazioni importanti sulle diverse tipologie di cookie (piccoli file di testo) che potrebbero essere installati sui tuoi dispositivi (es. PC, smartphone, tablet) quando visiti questo sito.<\/p>\n<p>Un &#8220;cookie&#8221; \u00e8 un piccolo file di testo creato sul computer dell&#8217;utente al momento in cui questo accede ad un determinato sito, con lo scopo di immagazzinare e trasportare informazioni. I cookies sono inviati da un server web (che \u00e8 il computer sul quale \u00e8 in esecuzione il sito web visitato) al browser dell&#8217;utente (Internet Explorer, Mozilla Firefox, Google, Chrome, ecc.) e memorizzati sul computer di quest&#8217;ultimo; vengono, quindi, re-inviati al sito web al momento delle visite successive.<\/p>\n<p>Secondo il Regolamento (UE) 2016\/679 in materia di protezione dei dati personali, i cookie costituiscono dati personali quando possono essere associati a un dispositivo e, pertanto, ad una persona identificabile.<\/p>\n<h3>Tipologie di cookie<\/h3>\n<p>Esistono diversi tipi di cookie che contengono informazioni differenti e svolgono funzioni diverse (es. esecuzione di autenticazioni informatiche, monitoraggio di sessioni, memorizzazione di preferenze per l\u2019invio di messaggi pubblicitari mirati, etc). Ogni cookie, a sua volta, contiene diversi dati (es. il nome del server da cui proviene, un identificatore numerico, etc.). Tali dati possono rimanere nel dispositivo dell&#8217;utente per diversi periodi di tempo &#8211; una sessione del browser, qualche ora, diversi giorni o per periodi pi\u00f9 lunghi.<\/p>\n<h4>Cookie tecnici<\/h4>\n<p>Cookie che servono a effettuare la navigazione o a fornire un servizio richiesto dall&#8217;utente. Non vengono utilizzati per scopi ulteriori.<br \/>\nI cookie tecnici sono necessari per il corretto funzionamento del sito. Senza il ricorso a tali cookie, alcune operazioni non potrebbero essere compiute o sarebbero pi\u00f9 complesse e\/o meno sicure. Pertanto, i cookie tecnici risultano indispensabili.<br \/>\nI cookie tecnici non richiedono il consenso dell&#8217;utente, in quanto sono necessari per il corretto funzionamento del sito.<\/p>\n<h4>Cookie analitici di terze parti utilizzati come cookie tecnici<\/h4>\n<p>I cookie analitici di terze parti possono essere assimilati ai cookie tecnici soltanto se utilizzati a fini di ottimizzazione del sito dal titolare del sito stesso, per raccogliere informazioni in forma aggregata sul numero degli utenti e su come questi visitano il sito.<br \/>\nQuando sono utilizzati come cookie tecnici e quando sono adottate misure di anonimizzazione prescritte dal Garante, i cookie analitici sono necessari per permettere al titolare del sito di migliorare il funzionamento dello stesso e l&#8217;esperienza dell&#8217;utente sul sito.<br \/>\nNon \u00e8 necessario il consenso dell&#8217;utente, in quanto abbiamo attivato la funzione di anonimizzazione dell\u2019indirizzo IP e utilizza i dati in forma aggregata.<\/p>\n<h4>Cookie di profilazione<\/h4>\n<p>Cookie utilizzati per tracciare la navigazione dell&#8217;utente in rete e creare profili sui suoi gusti, abitudini, scelte, ecc. Con questi cookie possono essere trasmessi al terminale dell&#8217;utente messaggi pubblicitari in linea con le preferenze manifestate dall&#8217;utente nella sua navigazione online.<br \/>\nI cookie di profilazione non sono strettamente necessari per il buon funzionamento del sito e, pertanto, l&#8217;utente pu\u00f2 decidere se installare tali cookie o meno.<br \/>\nPer l&#8217;installazione dei cookie di profilazione \u00e8 necessario il consenso dell&#8217;utente, che pu\u00f2 essere manifestato oppure revocato dall&#8217;utente<\/p>\n<h3>Quali cookie sono utilizzati?<\/h3>\n<p>Questo sito utilizza:<\/p>\n<ol>\n<li>Cookie tecnici di sessione e di navigazione: I cookies di questo tipo sono necessari per il corretto funzionamento del sito e per l&#8217;utilizzo dei servizi in esso contenuti. In loro assenza, il sito o alcune porzioni di esso potrebbero non funzionare correttamente. Pertanto vengono sempre utilizzati indipendentemente dalle preferenze dall&#8217;utente. Questa tipologia di cookies viene sempre inviata dal nostro dominio. L&#8217;utente ha la facolt\u00e0 di rimuovere questi cookies attraverso le funzionalit\u00e0 del suo browser, come indicato in seguito<\/li>\n<li>Cookie analitici anche di terze parti: I cookies di questo tipo vengono utilizzati per raccogliere informazioni sull&#8217;utilizzo del sito come ad esempio quali sono le pagine visitate con maggiore frequenza. Questi cookies non memorizzano dati identificativi dei singoli utenti ma solo dati aggregati e in forma anonima. Questa tipologia di cookie viene utilizzata da Google Analytics. In quest&#8217;ultimo caso per ogni informazione sui cookie si rinvia alla policy privacy di Google:<\/li>\n<\/ol>\n<ul>\n<li><a href=\"https:\/\/google.com\/analytics\/terms\/it.html\">https:\/\/google.com\/analytics\/terms\/it.html<\/a><\/li>\n<li><a href=\"https:\/\/policies.google.com\/?hl=it\">https:\/\/policies.google.com\/?hl=it<\/a><\/li>\n<\/ul>\n<p>I cookies di Google Analytics possono cambiare nome, aumentare o diminuire di numero in qualsiasi momento e senza preavviso.<\/p>\n<p>3. Altri cookie di terze parti: i cookie di questo tipo vengono utilizzati per soddisfare alcuni servizi come, ad esempio, gestire le richieste di contatto. Per ogni informazione sui cookie si rinvia alla privacy policy di terze parti.<\/p>\n<p>Se non desideri che i tuoi dati vengano utilizzati da Google Analytics, puoi installare il componente aggiuntivo del browser secondo le modalit\u00e0 descritte da Google ai seguenti indirizzi:<\/p>\n<ul>\n<li><a href=\"https:\/\/support.google.com\/analytics\/answer\/181881?hl=it\">https:\/\/support.google.com\/analytics\/answer\/181881?hl=it<\/a><\/li>\n<li><a href=\"https:\/\/tools.google.com\/dlpage\/gaoptout\">https:\/\/tools.google.com\/dlpage\/gaoptout<\/a><\/li>\n<\/ul>\n<p>L&#8217;installazione di questo componente aggiuntivo impedisce al codice JavaScript di Google Analytics (ga.js, analytics.js e dc.js), in esecuzione su un sito web, di condividere le informazioni con Google Analytics sulla tua attivit\u00e0 quando visiti il nostro sito.<br \/>\nInoltre, potrai disattivare i cookie anche intervenendo sulle impostazioni del browser in uso. Ti ricordiamo per\u00f2 che disabilitare i cookie pu\u00f2 causare il malfunzionamento del sito o potrebbe rendere alcune funzionalit\u00e0 indisponibili. Ogni browser presenta procedure diverse per la gestione delle impostazioni.<\/p>\n<p>Di seguito proponiamo i collegamenti alle istruzioni per i browser pi\u00f9 comuni:<\/p>\n<ul>\n<li>Internet Explorer: <a href=\"https:\/\/windows.microsoft.com\/it-it\/windows7\/block-enable-or-allow-cookies\">http:\/\/windows.microsoft.com\/it-it\/windows7\/block-enable-or-allow-cookies<\/a><\/li>\n<li>Google Chrome: <a href=\"https:\/\/support.google.com\/accounts\/answer\/61416?hl=it\">https:\/\/support.google.com\/accounts\/answer\/61416?hl=it<\/a><\/li>\n<li>Apple Safari: <a href=\"https:\/\/apple.com\/legal\/privacy\/it\/cookies\/\">http:\/\/www.apple.com\/legal\/privacy\/it\/cookies\/<\/a><\/li>\n<li>MozillaFirefox:<a href=\"https:\/\/support.mozilla.org\/it\/kb\/Attivare%20e%20disattivare%20i%20cookie\"> https:\/\/support.mozilla.org\/it\/kb\/Attivare%20e%20disattivare%20i%20cookie<\/a><\/li>\n<\/ul>\n<p>Per gestire e migliorare la navigazione, utilizziamo 4 cookie aggiuntivi.<\/p>\n<table border=\"0\">\n<tbody>\n<tr>\n<td><strong>Nome:<\/strong><br \/>\nALKSESSID<\/td>\n<td><strong>Scadenza:<\/strong><br \/>\n4 ore<\/td>\n<td><strong>Finalit\u00e0:<\/strong><br \/>\nusato per gestire le sessioni<\/td>\n<\/tr>\n<tr>\n<td><strong>Nome:<\/strong><br \/>\ncookielingua<\/td>\n<td><strong>Scadenza:<\/strong><br \/>\n4 giorni<\/td>\n<td><strong>Finalit\u00e0:<\/strong><br \/>\nusato per identificare la lingua corrente del sito<\/td>\n<\/tr>\n<tr>\n<td><strong>Nome:<\/strong><br \/>\nNv_ps<\/td>\n<td><strong>Scadenza:<\/strong><br \/>\n4 giorni<\/td>\n<td><strong>Finalit\u00e0:<\/strong><br \/>\nusato per gestire la navigazione in http o https<\/td>\n<\/tr>\n<tr>\n<td><strong>Nome:<\/strong><br \/>\ncookieBannerSetting<\/td>\n<td><strong>Scadenza:<\/strong><br \/>\n1 anno<\/td>\n<td><strong>Finalit\u00e0:<\/strong><br \/>\nusato per gestire la bar dei cookie<\/td>\n<\/tr>\n<tr>\n<td><strong>Nome:<\/strong><br \/>\nROUTEID.<\/td>\n<td><strong>Scadenza:<\/strong><br \/>\n4 ore<\/td>\n<td><strong>Finalit\u00e0:<\/strong><br \/>\nusato per gestire le sessioni sulla rete<\/td>\n<\/tr>\n<\/tbody>\n<\/table>\n<p>&nbsp;<\/p>\n<p><strong>Google Analytics<\/strong><\/p>\n<p>Google Analytics \u00e8 uno strumento di analisi dei dati web che aiuta i proprietari di siti web a capire in che modo i visitatori interagiscono con il loro sito. Google Analytics utilizza i cookie per tracciare le interazioni dei visitatori. Quindi usiamo le informazioni per compilare report e per aiutarci a migliorare il nostro sito. Google Analytics registra le informazioni, ad esempio l&#8217;ora in cui si \u00e8 svolta la visita corrente, se il visitatore \u00e8 gi\u00e0 stato sul sito e quale sito ha indirizzato il visitatore alla pagina Web. Google Analytics raccoglie informazioni anonime. Segnala le tendenze del sito Web senza identificare i singoli visitatori.<\/p>\n<div>\n<table border=\"0\">\n<tbody>\n<tr>\n<td><strong>Nome:<\/strong><br \/>\n_ga<\/td>\n<td><strong>Scadenza:<\/strong><br \/>\n2 anni<\/td>\n<td><strong>Finalit\u00e0:<\/strong><br \/>\nContiene un identificatore univoco generato casualmente per ogni utente che visita il sito.<\/td>\n<\/tr>\n<tr>\n<td><strong>Nome:<\/strong><br \/>\n_gid<\/td>\n<td><strong>Scadenza:<\/strong><br \/>\n24 ore<\/td>\n<td><strong>Finalit\u00e0:<\/strong><br \/>\nUtilizzato per distinguere gli utenti.<\/td>\n<\/tr>\n<tr>\n<td><strong>Nome:<\/strong><br \/>\n_gat<\/td>\n<td><strong>Scadenza:<\/strong><br \/>\n10 minute<\/td>\n<td><strong>Finalit\u00e0:<\/strong><br \/>\nUtilizzato per limitare la velocit\u00e0 di richiesta.<\/td>\n<\/tr>\n<\/tbody>\n<\/table>\n<\/div>\n<p>&nbsp;<\/p>\n<p>Se desideri disabilitare i cookie di Google Analytics, consulta la seguente pagina: https:\/\/tools.google.com\/dlpage\/gaoptout<\/p>\n<h3><strong>LeadChampion<\/strong><\/h3>\n<p>Lead Champion \u00e8 un servizio di lead generation fornito da ADChange Srl. Luogo del trattamento: Italia \u2013 Privacy Policy \u2013 Opt Out<\/p>\n<h3>Pulsanti e widget di social network<\/h3>\n<p>I social button sono i \u201cpulsanti\u201d presenti sul sito che raffigurano le icone di social network (es. Facebook, LinkedIn, YouTube e Twitter) e che ti consentono di interagire con un \u201cclick\u201d direttamente con le piattaforme social. I social button presenti su questo sito sono dei link che rinviano ai nostri account sui social network raffigurati. Tramite l\u2019utilizzo di tali pulsanti non sono, pertanto, installati sul sito cookie di terze parti.<\/p>\n<p>Si riportano comunque i link ove l\u2019utente pu\u00f2 prendere visione dell\u2019informativa privacy relativa alla gestione dei dati da parte dei Social network a cui i pulsanti rinviano:<\/p>\n<ul>\n<li><a href=\"https:\/\/linkedin.com\/legal\/cookie-policy\">https:\/\/linkedin.com\/legal\/cookie-policy<\/a><\/li>\n<li><a href=\"https:\/\/facebook.com\/help\/cookies\/\">https:\/\/facebook.com\/help\/cookies\/<\/a><\/li>\n<li><a href=\"https:\/\/twitter.com\/privacy\">https:\/\/twitter.com\/privacy<\/a><\/li>\n<li><a href=\"https:\/\/google.com\/intl\/en\/policies\/privacy\/\">https:\/\/google.com\/intl\/en\/policies\/privacy\/<\/a><\/li>\n<li><a href=\"https:\/\/policy.pinterest.com\/it\">https:\/\/policy.pinterest.com\/it<\/a><\/li>\n<li><a href=\"https:\/\/help.instagram.com\/519522125107875?helpref=page_content\">https:\/\/help.instagram.com\/519522125107875?helpref=page_content<\/a><\/li>\n<\/ul>\n<\/div>\n","protected":false},"excerpt":{"rendered":"<p>Cosa sono i cookie? La presente Cookie Policy contiene informazioni importanti sulle diverse tipologie di cookie (piccoli file di testo) che potrebbero essere installati sui tuoi dispositivi (es. PC, smartphone, tablet) quando visiti questo sito. Un &#8220;cookie&#8221; \u00e8 un piccolo file di testo creato sul computer dell&#8217;utente al momento in cui questo accede ad un [&hellip;]<\/p>\n","protected":false},"author":1,"featured_media":0,"parent":0,"menu_order":0,"comment_status":"closed","ping_status":"closed","template":"","meta":{"_acf_changed":false,"inline_featured_image":false,"footnotes":""},"class_list":["post-1030","page","type-page","status-publish","hentry"],"acf":[],"yoast_head":"<!-- This site is optimized with the Yoast SEO plugin v27.3 - https:\/\/yoast.com\/product\/yoast-seo-wordpress\/ -->\n<title>Cookies - 4 Pack Italian<\/title>\n<meta name=\"description\" content=\"Understanding Our Cookie Usage: Explore our Cookies Page to learn how we utilise cookies to enhance your browsing experience\" \/>\n<meta name=\"robots\" content=\"index, follow, max-snippet:-1, max-image-preview:large, max-video-preview:-1\" \/>\n<link rel=\"canonical\" href=\"https:\/\/4-pack.com\/it\/cookies\/\" \/>\n<meta property=\"og:locale\" content=\"it_IT\" \/>\n<meta property=\"og:type\" content=\"article\" \/>\n<meta property=\"og:title\" content=\"Cookies - 4 Pack Italian\" \/>\n<meta property=\"og:description\" content=\"Understanding Our Cookie Usage: Explore our Cookies Page to learn how we utilise cookies to enhance your browsing experience\" \/>\n<meta property=\"og:url\" content=\"https:\/\/4-pack.com\/it\/cookies\/\" \/>\n<meta property=\"og:site_name\" content=\"4 Pack Italian\" \/>\n<meta property=\"article:modified_time\" content=\"2023-11-13T14:35:24+00:00\" \/>\n<meta name=\"twitter:card\" content=\"summary_large_image\" \/>\n<meta name=\"twitter:label1\" content=\"Tempo di lettura stimato\" \/>\n\t<meta name=\"twitter:data1\" content=\"6 minuti\" \/>\n<script type=\"application\/ld+json\" class=\"yoast-schema-graph\">{\"@context\":\"https:\\\/\\\/schema.org\",\"@graph\":[{\"@type\":\"WebPage\",\"@id\":\"https:\\\/\\\/4-pack.com\\\/it\\\/cookies\\\/\",\"url\":\"https:\\\/\\\/4-pack.com\\\/it\\\/cookies\\\/\",\"name\":\"Cookies - 4 Pack Italian\",\"isPartOf\":{\"@id\":\"https:\\\/\\\/4-pack.com\\\/it\\\/#website\"},\"datePublished\":\"2023-08-07T10:02:53+00:00\",\"dateModified\":\"2023-11-13T14:35:24+00:00\",\"description\":\"Understanding Our Cookie Usage: Explore our Cookies Page to learn how we utilise cookies to enhance your browsing experience\",\"breadcrumb\":{\"@id\":\"https:\\\/\\\/4-pack.com\\\/it\\\/cookies\\\/#breadcrumb\"},\"inLanguage\":\"it-IT\",\"potentialAction\":[{\"@type\":\"ReadAction\",\"target\":[\"https:\\\/\\\/4-pack.com\\\/it\\\/cookies\\\/\"]}]},{\"@type\":\"BreadcrumbList\",\"@id\":\"https:\\\/\\\/4-pack.com\\\/it\\\/cookies\\\/#breadcrumb\",\"itemListElement\":[{\"@type\":\"ListItem\",\"position\":1,\"name\":\"Home\",\"item\":\"https:\\\/\\\/4-pack.com\\\/it\\\/\"},{\"@type\":\"ListItem\",\"position\":2,\"name\":\"Cookies\"}]},{\"@type\":\"WebSite\",\"@id\":\"https:\\\/\\\/4-pack.com\\\/it\\\/#website\",\"url\":\"https:\\\/\\\/4-pack.com\\\/it\\\/\",\"name\":\"4 Pack Italian\",\"description\":\"\",\"potentialAction\":[{\"@type\":\"SearchAction\",\"target\":{\"@type\":\"EntryPoint\",\"urlTemplate\":\"https:\\\/\\\/4-pack.com\\\/it\\\/?s={search_term_string}\"},\"query-input\":{\"@type\":\"PropertyValueSpecification\",\"valueRequired\":true,\"valueName\":\"search_term_string\"}}],\"inLanguage\":\"it-IT\"}]}<\/script>\n<!-- \/ Yoast SEO plugin. -->","yoast_head_json":{"title":"Cookies - 4 Pack Italian","description":"Understanding Our Cookie Usage: Explore our Cookies Page to learn how we utilise cookies to enhance your browsing experience","robots":{"index":"index","follow":"follow","max-snippet":"max-snippet:-1","max-image-preview":"max-image-preview:large","max-video-preview":"max-video-preview:-1"},"canonical":"https:\/\/4-pack.com\/it\/cookies\/","og_locale":"it_IT","og_type":"article","og_title":"Cookies - 4 Pack Italian","og_description":"Understanding Our Cookie Usage: Explore our Cookies Page to learn how we utilise cookies to enhance your browsing experience","og_url":"https:\/\/4-pack.com\/it\/cookies\/","og_site_name":"4 Pack Italian","article_modified_time":"2023-11-13T14:35:24+00:00","twitter_card":"summary_large_image","twitter_misc":{"Tempo di lettura stimato":"6 minuti"},"schema":{"@context":"https:\/\/schema.org","@graph":[{"@type":"WebPage","@id":"https:\/\/4-pack.com\/it\/cookies\/","url":"https:\/\/4-pack.com\/it\/cookies\/","name":"Cookies - 4 Pack Italian","isPartOf":{"@id":"https:\/\/4-pack.com\/it\/#website"},"datePublished":"2023-08-07T10:02:53+00:00","dateModified":"2023-11-13T14:35:24+00:00","description":"Understanding Our Cookie Usage: Explore our Cookies Page to learn how we utilise cookies to enhance your browsing experience","breadcrumb":{"@id":"https:\/\/4-pack.com\/it\/cookies\/#breadcrumb"},"inLanguage":"it-IT","potentialAction":[{"@type":"ReadAction","target":["https:\/\/4-pack.com\/it\/cookies\/"]}]},{"@type":"BreadcrumbList","@id":"https:\/\/4-pack.com\/it\/cookies\/#breadcrumb","itemListElement":[{"@type":"ListItem","position":1,"name":"Home","item":"https:\/\/4-pack.com\/it\/"},{"@type":"ListItem","position":2,"name":"Cookies"}]},{"@type":"WebSite","@id":"https:\/\/4-pack.com\/it\/#website","url":"https:\/\/4-pack.com\/it\/","name":"4 Pack Italian","description":"","potentialAction":[{"@type":"SearchAction","target":{"@type":"EntryPoint","urlTemplate":"https:\/\/4-pack.com\/it\/?s={search_term_string}"},"query-input":{"@type":"PropertyValueSpecification","valueRequired":true,"valueName":"search_term_string"}}],"inLanguage":"it-IT"}]}},"_links":{"self":[{"href":"https:\/\/4-pack.com\/it\/wp-json\/wp\/v2\/pages\/1030","targetHints":{"allow":["GET"]}}],"collection":[{"href":"https:\/\/4-pack.com\/it\/wp-json\/wp\/v2\/pages"}],"about":[{"href":"https:\/\/4-pack.com\/it\/wp-json\/wp\/v2\/types\/page"}],"author":[{"embeddable":true,"href":"https:\/\/4-pack.com\/it\/wp-json\/wp\/v2\/users\/1"}],"replies":[{"embeddable":true,"href":"https:\/\/4-pack.com\/it\/wp-json\/wp\/v2\/comments?post=1030"}],"version-history":[{"count":2,"href":"https:\/\/4-pack.com\/it\/wp-json\/wp\/v2\/pages\/1030\/revisions"}],"predecessor-version":[{"id":1500,"href":"https:\/\/4-pack.com\/it\/wp-json\/wp\/v2\/pages\/1030\/revisions\/1500"}],"wp:attachment":[{"href":"https:\/\/4-pack.com\/it\/wp-json\/wp\/v2\/media?parent=1030"}],"curies":[{"name":"wp","href":"https:\/\/api.w.org\/{rel}","templated":true}]}}