{"id":191,"date":"2023-06-20T11:02:20","date_gmt":"2023-06-20T10:02:20","guid":{"rendered":"http:\/\/4-pack.com\/?page_id=2"},"modified":"2024-01-25T15:21:40","modified_gmt":"2024-01-25T15:21:40","slug":"sample-page-2","status":"publish","type":"page","link":"https:\/\/4-pack.com\/it\/","title":{"rendered":"Esperti in soluzioni per la gestione di specifiche di prodotto, packaging e artwork"},"content":{"rendered":"<h2>L&#8217;innovazione \u00e8 al centro della filosofia di 4Pack<\/h2>\n<p>Siamo orgogliosi di distinguerci, rivoluzionando il mercato grazie alla combinazione tra gestione delle specifiche di prodotto e packaging e gestione degli artwork.<\/p>\n<p>Mettiamo tutta la nostra competenza nel fornire soluzioni su misura che rispondono alle sfide specifiche di ogni cliente che serviamo, che sia nel settore food, beverage, wine, beni di consumo, o retail.<\/p>\n<p>Con anni di esperienza nell\u2019ambito del packaging, il nostro team di esperti garantisce competenza e precisione senza pari per ogni progetto. Conosciamo le complessit\u00e0 dei settori che serviamo, e affiniamo continuamente le nostre soluzioni per renderle sempre pi\u00f9 complete e performanti nell&#8217;affrontare le sfide quotidiane delle imprese.<\/p>\n<p>Noi di 4Pack ci impegniamo per fornirti risultati immediati, riconoscendo la natura dinamica e competitiva del mercato. I nostri strumenti ti permettono di prendere decisioni rapide e informate, garantendoti un vantaggio competitivo.<\/p>\n<p>L&#8217;innovazione \u00e8 al centro della nostra filosofia, e investiamo continuamente in ricerca e sviluppo per stare al passo con le tendenze del settore.<\/p>\n<p>Il nostro approccio incentrato sul cliente \u00e8 fondamentale in tutto ci\u00f2 che facciamo. Dedichiamo tempo a comprendere le tue esigenze, e il nostro team \u00e8 sempre pronto ad assisterti in ogni fase.<\/p>\n","protected":false},"excerpt":{"rendered":"<p>L&#8217;innovazione \u00e8 al centro della filosofia di 4Pack Siamo orgogliosi di distinguerci, rivoluzionando il mercato grazie alla combinazione tra gestione delle specifiche di prodotto e packaging e gestione degli artwork. Mettiamo tutta la nostra competenza nel fornire soluzioni su misura che rispondono alle sfide specifiche di ogni cliente che serviamo, che sia nel settore food, [&hellip;]<\/p>\n","protected":false},"author":1,"featured_media":748,"parent":0,"menu_order":4,"comment_status":"closed","ping_status":"open","template":"templates\/home.php","meta":{"_acf_changed":false,"inline_featured_image":false,"footnotes":""},"class_list":["post-191","page","type-page","status-publish","has-post-thumbnail","hentry"],"acf":[],"yoast_head":"<!-- This site is optimized with the Yoast SEO plugin v27.3 - https:\/\/yoast.com\/product\/yoast-seo-wordpress\/ -->\n<title>Leader nella Gestione di Prodotto, Packaging e Artwork | 4Pack<\/title>\n<meta name=\"description\" content=\"4Pack \u00e8 la soluzione software per ottimizzare la gestione di specifiche, dati e flussi dei tuoi prodotti, packaging e artwork. Richiedi subito una demo.\" \/>\n<meta name=\"robots\" content=\"index, follow, max-snippet:-1, max-image-preview:large, max-video-preview:-1\" \/>\n<link rel=\"canonical\" href=\"https:\/\/4-pack.com\/it\/\" \/>\n<meta property=\"og:locale\" content=\"it_IT\" \/>\n<meta property=\"og:type\" content=\"article\" \/>\n<meta property=\"og:title\" content=\"Leader nella Gestione di Prodotto, Packaging e Artwork | 4Pack\" \/>\n<meta property=\"og:description\" content=\"4Pack \u00e8 la soluzione software per ottimizzare la gestione di specifiche, dati e flussi dei tuoi prodotti, packaging e artwork. Richiedi subito una demo.\" \/>\n<meta property=\"og:url\" content=\"https:\/\/4-pack.com\/it\/\" \/>\n<meta property=\"og:site_name\" content=\"4 Pack Italian\" \/>\n<meta property=\"article:modified_time\" content=\"2024-01-25T15:21:40+00:00\" \/>\n<meta property=\"og:image\" content=\"https:\/\/4-pack.com\/it\/wp-content\/uploads\/sites\/2\/2023\/07\/Packaging-Regulations-Compliance-Solution.png\" \/>\n\t<meta property=\"og:image:width\" content=\"948\" \/>\n\t<meta property=\"og:image:height\" content=\"630\" \/>\n\t<meta property=\"og:image:type\" content=\"image\/webp\" \/>\n<meta name=\"twitter:card\" content=\"summary_large_image\" \/>\n<meta name=\"twitter:label1\" content=\"Tempo di lettura stimato\" \/>\n\t<meta name=\"twitter:data1\" content=\"4 minuti\" \/>\n<script type=\"application\/ld+json\" class=\"yoast-schema-graph\">{\"@context\":\"https:\\\/\\\/schema.org\",\"@graph\":[{\"@type\":\"WebPage\",\"@id\":\"https:\\\/\\\/4-pack.com\\\/it\\\/\",\"url\":\"https:\\\/\\\/4-pack.com\\\/it\\\/\",\"name\":\"Leader nella Gestione di Prodotto, Packaging e Artwork | 4Pack\",\"isPartOf\":{\"@id\":\"https:\\\/\\\/4-pack.com\\\/it\\\/#website\"},\"primaryImageOfPage\":{\"@id\":\"https:\\\/\\\/4-pack.com\\\/it\\\/#primaryimage\"},\"image\":{\"@id\":\"https:\\\/\\\/4-pack.com\\\/it\\\/#primaryimage\"},\"thumbnailUrl\":\"https:\\\/\\\/4-pack.com\\\/it\\\/wp-content\\\/uploads\\\/sites\\\/2\\\/2023\\\/07\\\/Packaging-Regulations-Compliance-Solution.png\",\"datePublished\":\"2023-06-20T10:02:20+00:00\",\"dateModified\":\"2024-01-25T15:21:40+00:00\",\"description\":\"4Pack \u00e8 la soluzione software per ottimizzare la gestione di specifiche, dati e flussi dei tuoi prodotti, packaging e artwork. Richiedi subito una demo.\",\"breadcrumb\":{\"@id\":\"https:\\\/\\\/4-pack.com\\\/it\\\/#breadcrumb\"},\"inLanguage\":\"it-IT\",\"potentialAction\":[{\"@type\":\"ReadAction\",\"target\":[\"https:\\\/\\\/4-pack.com\\\/it\\\/\"]}]},{\"@type\":\"ImageObject\",\"inLanguage\":\"it-IT\",\"@id\":\"https:\\\/\\\/4-pack.com\\\/it\\\/#primaryimage\",\"url\":\"https:\\\/\\\/4-pack.com\\\/it\\\/wp-content\\\/uploads\\\/sites\\\/2\\\/2023\\\/07\\\/Packaging-Regulations-Compliance-Solution.png\",\"contentUrl\":\"https:\\\/\\\/4-pack.com\\\/it\\\/wp-content\\\/uploads\\\/sites\\\/2\\\/2023\\\/07\\\/Packaging-Regulations-Compliance-Solution.png\",\"width\":948,\"height\":630},{\"@type\":\"BreadcrumbList\",\"@id\":\"https:\\\/\\\/4-pack.com\\\/it\\\/#breadcrumb\",\"itemListElement\":[{\"@type\":\"ListItem\",\"position\":1,\"name\":\"Home\",\"item\":\"https:\\\/\\\/4-pack.com\\\/it\\\/\"},{\"@type\":\"ListItem\",\"position\":2,\"name\":\"Esperti in soluzioni per la gestione di specifiche di prodotto, packaging e artwork\"}]},{\"@type\":\"WebSite\",\"@id\":\"https:\\\/\\\/4-pack.com\\\/it\\\/#website\",\"url\":\"https:\\\/\\\/4-pack.com\\\/it\\\/\",\"name\":\"4 Pack Italian\",\"description\":\"\",\"potentialAction\":[{\"@type\":\"SearchAction\",\"target\":{\"@type\":\"EntryPoint\",\"urlTemplate\":\"https:\\\/\\\/4-pack.com\\\/it\\\/?s={search_term_string}\"},\"query-input\":{\"@type\":\"PropertyValueSpecification\",\"valueRequired\":true,\"valueName\":\"search_term_string\"}}],\"inLanguage\":\"it-IT\"}]}<\/script>\n<!-- \/ Yoast SEO plugin. -->","yoast_head_json":{"title":"Leader nella Gestione di Prodotto, Packaging e Artwork | 4Pack","description":"4Pack \u00e8 la soluzione software per ottimizzare la gestione di specifiche, dati e flussi dei tuoi prodotti, packaging e artwork. Richiedi subito una demo.","robots":{"index":"index","follow":"follow","max-snippet":"max-snippet:-1","max-image-preview":"max-image-preview:large","max-video-preview":"max-video-preview:-1"},"canonical":"https:\/\/4-pack.com\/it\/","og_locale":"it_IT","og_type":"article","og_title":"Leader nella Gestione di Prodotto, Packaging e Artwork | 4Pack","og_description":"4Pack \u00e8 la soluzione software per ottimizzare la gestione di specifiche, dati e flussi dei tuoi prodotti, packaging e artwork. Richiedi subito una demo.","og_url":"https:\/\/4-pack.com\/it\/","og_site_name":"4 Pack Italian","article_modified_time":"2024-01-25T15:21:40+00:00","og_image":[{"width":948,"height":630,"url":"https:\/\/4-pack.com\/it\/wp-content\/uploads\/sites\/2\/2023\/07\/Packaging-Regulations-Compliance-Solution.png","type":"image\/webp"}],"twitter_card":"summary_large_image","twitter_misc":{"Tempo di lettura stimato":"4 minuti"},"schema":{"@context":"https:\/\/schema.org","@graph":[{"@type":"WebPage","@id":"https:\/\/4-pack.com\/it\/","url":"https:\/\/4-pack.com\/it\/","name":"Leader nella Gestione di Prodotto, Packaging e Artwork | 4Pack","isPartOf":{"@id":"https:\/\/4-pack.com\/it\/#website"},"primaryImageOfPage":{"@id":"https:\/\/4-pack.com\/it\/#primaryimage"},"image":{"@id":"https:\/\/4-pack.com\/it\/#primaryimage"},"thumbnailUrl":"https:\/\/4-pack.com\/it\/wp-content\/uploads\/sites\/2\/2023\/07\/Packaging-Regulations-Compliance-Solution.png","datePublished":"2023-06-20T10:02:20+00:00","dateModified":"2024-01-25T15:21:40+00:00","description":"4Pack \u00e8 la soluzione software per ottimizzare la gestione di specifiche, dati e flussi dei tuoi prodotti, packaging e artwork. Richiedi subito una demo.","breadcrumb":{"@id":"https:\/\/4-pack.com\/it\/#breadcrumb"},"inLanguage":"it-IT","potentialAction":[{"@type":"ReadAction","target":["https:\/\/4-pack.com\/it\/"]}]},{"@type":"ImageObject","inLanguage":"it-IT","@id":"https:\/\/4-pack.com\/it\/#primaryimage","url":"https:\/\/4-pack.com\/it\/wp-content\/uploads\/sites\/2\/2023\/07\/Packaging-Regulations-Compliance-Solution.png","contentUrl":"https:\/\/4-pack.com\/it\/wp-content\/uploads\/sites\/2\/2023\/07\/Packaging-Regulations-Compliance-Solution.png","width":948,"height":630},{"@type":"BreadcrumbList","@id":"https:\/\/4-pack.com\/it\/#breadcrumb","itemListElement":[{"@type":"ListItem","position":1,"name":"Home","item":"https:\/\/4-pack.com\/it\/"},{"@type":"ListItem","position":2,"name":"Esperti in soluzioni per la gestione di specifiche di prodotto, packaging e artwork"}]},{"@type":"WebSite","@id":"https:\/\/4-pack.com\/it\/#website","url":"https:\/\/4-pack.com\/it\/","name":"4 Pack Italian","description":"","potentialAction":[{"@type":"SearchAction","target":{"@type":"EntryPoint","urlTemplate":"https:\/\/4-pack.com\/it\/?s={search_term_string}"},"query-input":{"@type":"PropertyValueSpecification","valueRequired":true,"valueName":"search_term_string"}}],"inLanguage":"it-IT"}]}},"_links":{"self":[{"href":"https:\/\/4-pack.com\/it\/wp-json\/wp\/v2\/pages\/191","targetHints":{"allow":["GET"]}}],"collection":[{"href":"https:\/\/4-pack.com\/it\/wp-json\/wp\/v2\/pages"}],"about":[{"href":"https:\/\/4-pack.com\/it\/wp-json\/wp\/v2\/types\/page"}],"author":[{"embeddable":true,"href":"https:\/\/4-pack.com\/it\/wp-json\/wp\/v2\/users\/1"}],"replies":[{"embeddable":true,"href":"https:\/\/4-pack.com\/it\/wp-json\/wp\/v2\/comments?post=191"}],"version-history":[{"count":24,"href":"https:\/\/4-pack.com\/it\/wp-json\/wp\/v2\/pages\/191\/revisions"}],"predecessor-version":[{"id":1825,"href":"https:\/\/4-pack.com\/it\/wp-json\/wp\/v2\/pages\/191\/revisions\/1825"}],"wp:featuredmedia":[{"embeddable":true,"href":"https:\/\/4-pack.com\/it\/wp-json\/wp\/v2\/media\/748"}],"wp:attachment":[{"href":"https:\/\/4-pack.com\/it\/wp-json\/wp\/v2\/media?parent=191"}],"curies":[{"name":"wp","href":"https:\/\/api.w.org\/{rel}","templated":true}]}}