{"id":192,"date":"2023-06-27T13:50:24","date_gmt":"2023-06-27T12:50:24","guid":{"rendered":"http:\/\/4-pack.com\/solutions\/"},"modified":"2024-01-25T15:15:52","modified_gmt":"2024-01-25T15:15:52","slug":"solutions","status":"publish","type":"page","link":"https:\/\/4-pack.com\/it\/solutions\/","title":{"rendered":"Le nostre soluzioni"},"content":{"rendered":"<h2>Come 4Pack pu\u00f2 aiutare la tua azienda nel lancio di un nuovo prodotto<\/h2>\n<p>4Pack \u00e8 presente con successo in diversi settori, come quello alimentare, delle bevande, il vitivinicolo, la produzione e distribuzione di altri prodotti di largo consumo no-food e nel retail.<\/p>\n<p>Quando si tratta di lanciare un nuovo prodotto, tutte le aziende devono affrontare alcuni aspetti cruciali di prodotto e di packaging come: la conformit\u00e0 alle normative, la gestione della sostenibilit\u00e0, la precisione dei contenuti in etichetta, la cura della grafica e la correttezza delle specifiche di prodotto. Con le soluzioni 4Pack, queste sfide diventano semplici da affrontare, permettendo alle aziende di semplificare i processi riducendo tempi e costi.<\/p>\n<p>Il rispetto della conformit\u00e0 normativa pu\u00f2 essere complesso; tuttavia 4Pack \u00e8 in grado di semplificare il processo automatizzando il monitoraggio e la gestione dei requisiti normativi specifici per il tuo settore e per i tuoi mercati di riferimento. Grazie a 4Pack, riduci il rischio di sanzioni, potendo cos\u00ec lanciare il tuo nuovo prodotto con pi\u00f9 sicurezza.<\/p>\n<p>Oggi l\u2019aspetto della sostenibilit\u00e0 \u00e8 fondamentale. 4Pack permette di adottare un approccio proattivo alla gestione dei requisiti di sostenibilit\u00e0, ottimizzando l&#8217;uso dei materiali e riducendo gli sprechi. 4Pack ti aiuta a identificare le alternative sostenibili e a monitorare i tuoi progressi, favorendo cos\u00ec la crescita della brand reputation.<\/p>\n<p>4Pack fornisce un archivio centralizzato per tutte le specifiche di prodotto e di packaging, garantendo integrit\u00e0 dei dati e la loro accessibilit\u00e0 a tutti i team. Automatizza e semplifica i flussi di lavoro per la creazione, la revisione e l\u2019approvazione delle informazioni di prodotto e packaging, riducendo errori e ritardi.<\/p>\n","protected":false},"excerpt":{"rendered":"<p>Come 4Pack pu\u00f2 aiutare la tua azienda nel lancio di un nuovo prodotto 4Pack \u00e8 presente con successo in diversi settori, come quello alimentare, delle bevande, il vitivinicolo, la produzione e distribuzione di altri prodotti di largo consumo no-food e nel retail. Quando si tratta di lanciare un nuovo prodotto, tutte le aziende devono affrontare [&hellip;]<\/p>\n","protected":false},"author":1,"featured_media":1763,"parent":0,"menu_order":5,"comment_status":"closed","ping_status":"closed","template":"templates\/solutions.php","meta":{"_acf_changed":false,"inline_featured_image":false,"footnotes":""},"class_list":["post-192","page","type-page","status-publish","has-post-thumbnail","hentry"],"acf":[],"yoast_head":"<!-- This site is optimized with the Yoast SEO plugin v27.4 - https:\/\/yoast.com\/product\/yoast-seo-wordpress\/ -->\n<title>La migliore soluzione software per il lancio di un nuovo prodotto.<\/title>\n<meta name=\"description\" content=\"4Pack \u00e8 la soluzione perfetta per la tua azienda per gestire correttamente i tuoi prodotti, packaging e artwork. Scopri di pi\u00f9 sulle nostre soluzioni.\" \/>\n<meta name=\"robots\" content=\"index, follow, max-snippet:-1, max-image-preview:large, max-video-preview:-1\" \/>\n<link rel=\"canonical\" href=\"https:\/\/4-pack.com\/it\/solutions\/\" \/>\n<meta property=\"og:locale\" content=\"it_IT\" \/>\n<meta property=\"og:type\" content=\"article\" \/>\n<meta property=\"og:title\" content=\"La migliore soluzione software per il lancio di un nuovo prodotto.\" \/>\n<meta property=\"og:description\" content=\"4Pack \u00e8 la soluzione perfetta per la tua azienda per gestire correttamente i tuoi prodotti, packaging e artwork. Scopri di pi\u00f9 sulle nostre soluzioni.\" \/>\n<meta property=\"og:url\" content=\"https:\/\/4-pack.com\/it\/solutions\/\" \/>\n<meta property=\"og:site_name\" content=\"4 Pack Italian\" \/>\n<meta property=\"article:modified_time\" content=\"2024-01-25T15:15:52+00:00\" \/>\n<meta property=\"og:image\" content=\"https:\/\/4-pack.com\/it\/wp-content\/uploads\/sites\/2\/2023\/10\/4-Pack-Solutions-Banner.webp\" \/>\n\t<meta property=\"og:image:width\" content=\"951\" \/>\n\t<meta property=\"og:image:height\" content=\"672\" \/>\n\t<meta property=\"og:image:type\" content=\"image\/webp\" \/>\n<meta name=\"twitter:card\" content=\"summary_large_image\" \/>\n<meta name=\"twitter:label1\" content=\"Tempo di lettura stimato\" \/>\n\t<meta name=\"twitter:data1\" content=\"3 minuti\" \/>\n<script type=\"application\/ld+json\" class=\"yoast-schema-graph\">{\"@context\":\"https:\\\/\\\/schema.org\",\"@graph\":[{\"@type\":\"WebPage\",\"@id\":\"https:\\\/\\\/4-pack.com\\\/it\\\/solutions\\\/\",\"url\":\"https:\\\/\\\/4-pack.com\\\/it\\\/solutions\\\/\",\"name\":\"La migliore soluzione software per il lancio di un nuovo prodotto.\",\"isPartOf\":{\"@id\":\"https:\\\/\\\/4-pack.com\\\/it\\\/#website\"},\"primaryImageOfPage\":{\"@id\":\"https:\\\/\\\/4-pack.com\\\/it\\\/solutions\\\/#primaryimage\"},\"image\":{\"@id\":\"https:\\\/\\\/4-pack.com\\\/it\\\/solutions\\\/#primaryimage\"},\"thumbnailUrl\":\"https:\\\/\\\/4-pack.com\\\/it\\\/wp-content\\\/uploads\\\/sites\\\/2\\\/2023\\\/10\\\/4-Pack-Solutions-Banner.webp\",\"datePublished\":\"2023-06-27T12:50:24+00:00\",\"dateModified\":\"2024-01-25T15:15:52+00:00\",\"description\":\"4Pack \u00e8 la soluzione perfetta per la tua azienda per gestire correttamente i tuoi prodotti, packaging e artwork. Scopri di pi\u00f9 sulle nostre soluzioni.\",\"breadcrumb\":{\"@id\":\"https:\\\/\\\/4-pack.com\\\/it\\\/solutions\\\/#breadcrumb\"},\"inLanguage\":\"it-IT\",\"potentialAction\":[{\"@type\":\"ReadAction\",\"target\":[\"https:\\\/\\\/4-pack.com\\\/it\\\/solutions\\\/\"]}]},{\"@type\":\"ImageObject\",\"inLanguage\":\"it-IT\",\"@id\":\"https:\\\/\\\/4-pack.com\\\/it\\\/solutions\\\/#primaryimage\",\"url\":\"https:\\\/\\\/4-pack.com\\\/it\\\/wp-content\\\/uploads\\\/sites\\\/2\\\/2023\\\/10\\\/4-Pack-Solutions-Banner.webp\",\"contentUrl\":\"https:\\\/\\\/4-pack.com\\\/it\\\/wp-content\\\/uploads\\\/sites\\\/2\\\/2023\\\/10\\\/4-Pack-Solutions-Banner.webp\",\"width\":951,\"height\":672},{\"@type\":\"BreadcrumbList\",\"@id\":\"https:\\\/\\\/4-pack.com\\\/it\\\/solutions\\\/#breadcrumb\",\"itemListElement\":[{\"@type\":\"ListItem\",\"position\":1,\"name\":\"Home\",\"item\":\"https:\\\/\\\/4-pack.com\\\/it\\\/\"},{\"@type\":\"ListItem\",\"position\":2,\"name\":\"Le nostre soluzioni\"}]},{\"@type\":\"WebSite\",\"@id\":\"https:\\\/\\\/4-pack.com\\\/it\\\/#website\",\"url\":\"https:\\\/\\\/4-pack.com\\\/it\\\/\",\"name\":\"4 Pack Italian\",\"description\":\"\",\"potentialAction\":[{\"@type\":\"SearchAction\",\"target\":{\"@type\":\"EntryPoint\",\"urlTemplate\":\"https:\\\/\\\/4-pack.com\\\/it\\\/?s={search_term_string}\"},\"query-input\":{\"@type\":\"PropertyValueSpecification\",\"valueRequired\":true,\"valueName\":\"search_term_string\"}}],\"inLanguage\":\"it-IT\"}]}<\/script>\n<!-- \/ Yoast SEO plugin. -->","yoast_head_json":{"title":"La migliore soluzione software per il lancio di un nuovo prodotto.","description":"4Pack \u00e8 la soluzione perfetta per la tua azienda per gestire correttamente i tuoi prodotti, packaging e artwork. Scopri di pi\u00f9 sulle nostre soluzioni.","robots":{"index":"index","follow":"follow","max-snippet":"max-snippet:-1","max-image-preview":"max-image-preview:large","max-video-preview":"max-video-preview:-1"},"canonical":"https:\/\/4-pack.com\/it\/solutions\/","og_locale":"it_IT","og_type":"article","og_title":"La migliore soluzione software per il lancio di un nuovo prodotto.","og_description":"4Pack \u00e8 la soluzione perfetta per la tua azienda per gestire correttamente i tuoi prodotti, packaging e artwork. Scopri di pi\u00f9 sulle nostre soluzioni.","og_url":"https:\/\/4-pack.com\/it\/solutions\/","og_site_name":"4 Pack Italian","article_modified_time":"2024-01-25T15:15:52+00:00","og_image":[{"width":951,"height":672,"url":"https:\/\/4-pack.com\/it\/wp-content\/uploads\/sites\/2\/2023\/10\/4-Pack-Solutions-Banner.webp","type":"image\/webp"}],"twitter_card":"summary_large_image","twitter_misc":{"Tempo di lettura stimato":"3 minuti"},"schema":{"@context":"https:\/\/schema.org","@graph":[{"@type":"WebPage","@id":"https:\/\/4-pack.com\/it\/solutions\/","url":"https:\/\/4-pack.com\/it\/solutions\/","name":"La migliore soluzione software per il lancio di un nuovo prodotto.","isPartOf":{"@id":"https:\/\/4-pack.com\/it\/#website"},"primaryImageOfPage":{"@id":"https:\/\/4-pack.com\/it\/solutions\/#primaryimage"},"image":{"@id":"https:\/\/4-pack.com\/it\/solutions\/#primaryimage"},"thumbnailUrl":"https:\/\/4-pack.com\/it\/wp-content\/uploads\/sites\/2\/2023\/10\/4-Pack-Solutions-Banner.webp","datePublished":"2023-06-27T12:50:24+00:00","dateModified":"2024-01-25T15:15:52+00:00","description":"4Pack \u00e8 la soluzione perfetta per la tua azienda per gestire correttamente i tuoi prodotti, packaging e artwork. Scopri di pi\u00f9 sulle nostre soluzioni.","breadcrumb":{"@id":"https:\/\/4-pack.com\/it\/solutions\/#breadcrumb"},"inLanguage":"it-IT","potentialAction":[{"@type":"ReadAction","target":["https:\/\/4-pack.com\/it\/solutions\/"]}]},{"@type":"ImageObject","inLanguage":"it-IT","@id":"https:\/\/4-pack.com\/it\/solutions\/#primaryimage","url":"https:\/\/4-pack.com\/it\/wp-content\/uploads\/sites\/2\/2023\/10\/4-Pack-Solutions-Banner.webp","contentUrl":"https:\/\/4-pack.com\/it\/wp-content\/uploads\/sites\/2\/2023\/10\/4-Pack-Solutions-Banner.webp","width":951,"height":672},{"@type":"BreadcrumbList","@id":"https:\/\/4-pack.com\/it\/solutions\/#breadcrumb","itemListElement":[{"@type":"ListItem","position":1,"name":"Home","item":"https:\/\/4-pack.com\/it\/"},{"@type":"ListItem","position":2,"name":"Le nostre soluzioni"}]},{"@type":"WebSite","@id":"https:\/\/4-pack.com\/it\/#website","url":"https:\/\/4-pack.com\/it\/","name":"4 Pack Italian","description":"","potentialAction":[{"@type":"SearchAction","target":{"@type":"EntryPoint","urlTemplate":"https:\/\/4-pack.com\/it\/?s={search_term_string}"},"query-input":{"@type":"PropertyValueSpecification","valueRequired":true,"valueName":"search_term_string"}}],"inLanguage":"it-IT"}]}},"_links":{"self":[{"href":"https:\/\/4-pack.com\/it\/wp-json\/wp\/v2\/pages\/192","targetHints":{"allow":["GET"]}}],"collection":[{"href":"https:\/\/4-pack.com\/it\/wp-json\/wp\/v2\/pages"}],"about":[{"href":"https:\/\/4-pack.com\/it\/wp-json\/wp\/v2\/types\/page"}],"author":[{"embeddable":true,"href":"https:\/\/4-pack.com\/it\/wp-json\/wp\/v2\/users\/1"}],"replies":[{"embeddable":true,"href":"https:\/\/4-pack.com\/it\/wp-json\/wp\/v2\/comments?post=192"}],"version-history":[{"count":7,"href":"https:\/\/4-pack.com\/it\/wp-json\/wp\/v2\/pages\/192\/revisions"}],"predecessor-version":[{"id":1824,"href":"https:\/\/4-pack.com\/it\/wp-json\/wp\/v2\/pages\/192\/revisions\/1824"}],"wp:featuredmedia":[{"embeddable":true,"href":"https:\/\/4-pack.com\/it\/wp-json\/wp\/v2\/media\/1763"}],"wp:attachment":[{"href":"https:\/\/4-pack.com\/it\/wp-json\/wp\/v2\/media?parent=192"}],"curies":[{"name":"wp","href":"https:\/\/api.w.org\/{rel}","templated":true}]}}