{"id":214,"date":"2023-07-03T14:33:02","date_gmt":"2023-07-03T13:33:02","guid":{"rendered":"http:\/\/4-pack.com\/products\/"},"modified":"2024-02-14T11:33:55","modified_gmt":"2024-02-14T11:33:55","slug":"products","status":"publish","type":"page","link":"https:\/\/4-pack.com\/it\/products\/","title":{"rendered":"Configurato su misura per le tue esigenze"},"content":{"rendered":"<h2>Come 4Pack ottimizza le operativit\u00e0 aziendali<\/h2>\n<p>4Pack massimizza l&#8217;efficienza attraverso l&#8217;automazione dei flussi di lavoro, come la generazione di etichette, l&#8217;approvazione dell\u2019artwork e gli aggiornamenti delle specifiche del packaging. Eliminando errori manuali e risparmiando tempo, il tuo team potr\u00e0 cos\u00ec concentrarsi su attivit\u00e0 ad alto valore, accelerando il time to market e l&#8217;efficienza operativa generale<\/p>\n<p>Ottieni una visibilit\u00e0 completa sui dati dei tuoi prodotti grazie alle potenti funzionalit\u00e0 analitiche e di reportistica di 4Pack. Monitora e analizza le metriche fondamentali come elenchi di ingredienti, requisiti di conformit\u00e0 e specifiche del packaging. Ci\u00f2 contribuisce a garantire la conformit\u00e0 normativa e a prendere decisioni informate. Scopri spunti utili per ottimizzare la tua catena di approvvigionamento, migliorare le operazioni e aumentare la soddisfazione del cliente.<\/p>\n<p>La scalabilit\u00e0 e la personalizzazione sono fattori chiave nelle soluzioni di 4Pack. Sia che tu gestisca una piccola start-up che una multinazionale, il nostro software flessibile pu\u00f2 essere personalizzato per soddisfare le tue esigenze aziendali uniche. Cresci con facilit\u00e0, adattandoti all&#8217;aumento della complessit\u00e0 del prodotto e ai requisiti normativi in costante evoluzione.<\/p>\n<p>Avvalendoti delle soluzioni di 4Pack per la gestione delle specifiche di prodotto, del packaging e per la gestione degli artwork, la tua azienda pu\u00f2 ottimizzare le operazioni, ridurre i costi e superare le aspettative dei clienti. Semplifica la gestione dell\u2019artwork e delle specifiche, ottimizza i flussi di lavoro e scopri preziose informazioni sui dati dei tuoi prodotti.<\/p>\n<p>Tutto pronto per sfruttare il pieno potenziale della tua azienda? Contatta 4Pack oggi stesso per fissare un appuntamento per una demo personalizzata e scopri come le nostre innovative soluzioni possono migliorare i tuoi processi aziendali relativi a prodotti e packaging.<\/p>\n","protected":false},"excerpt":{"rendered":"<p>Come 4Pack ottimizza le operativit\u00e0 aziendali 4Pack massimizza l&#8217;efficienza attraverso l&#8217;automazione dei flussi di lavoro, come la generazione di etichette, l&#8217;approvazione dell\u2019artwork e gli aggiornamenti delle specifiche del packaging. Eliminando errori manuali e risparmiando tempo, il tuo team potr\u00e0 cos\u00ec concentrarsi su attivit\u00e0 ad alto valore, accelerando il time to market e l&#8217;efficienza operativa generale [&hellip;]<\/p>\n","protected":false},"author":1,"featured_media":0,"parent":0,"menu_order":7,"comment_status":"closed","ping_status":"closed","template":"templates\/products.php","meta":{"_acf_changed":false,"inline_featured_image":false,"footnotes":""},"class_list":["post-214","page","type-page","status-publish","hentry"],"acf":[],"yoast_head":"<!-- This site is optimized with the Yoast SEO plugin v27.3 - https:\/\/yoast.com\/product\/yoast-seo-wordpress\/ -->\n<title>Gestione dei Contenuti delle Specifiche di Imballaggio e Prodotto<\/title>\n<meta name=\"description\" content=\"Garantisci coerenza e precisione con la gestione delle specifiche del tuo imballaggio e prodotto con il software progettato espertamente da 4Pack.\" \/>\n<meta name=\"robots\" content=\"index, follow, max-snippet:-1, max-image-preview:large, max-video-preview:-1\" \/>\n<link rel=\"canonical\" href=\"https:\/\/4-pack.com\/it\/products\/\" \/>\n<meta property=\"og:locale\" content=\"it_IT\" \/>\n<meta property=\"og:type\" content=\"article\" \/>\n<meta property=\"og:title\" content=\"Gestione dei Contenuti delle Specifiche di Imballaggio e Prodotto\" \/>\n<meta property=\"og:description\" content=\"Garantisci coerenza e precisione con la gestione delle specifiche del tuo imballaggio e prodotto con il software progettato espertamente da 4Pack.\" \/>\n<meta property=\"og:url\" content=\"https:\/\/4-pack.com\/it\/products\/\" \/>\n<meta property=\"og:site_name\" content=\"4 Pack Italian\" \/>\n<meta property=\"article:modified_time\" content=\"2024-02-14T11:33:55+00:00\" \/>\n<meta name=\"twitter:card\" content=\"summary_large_image\" \/>\n<meta name=\"twitter:label1\" content=\"Tempo di lettura stimato\" \/>\n\t<meta name=\"twitter:data1\" content=\"3 minuti\" \/>\n<script type=\"application\/ld+json\" class=\"yoast-schema-graph\">{\"@context\":\"https:\\\/\\\/schema.org\",\"@graph\":[{\"@type\":\"WebPage\",\"@id\":\"https:\\\/\\\/4-pack.com\\\/it\\\/products\\\/\",\"url\":\"https:\\\/\\\/4-pack.com\\\/it\\\/products\\\/\",\"name\":\"Gestione dei Contenuti delle Specifiche di Imballaggio e Prodotto\",\"isPartOf\":{\"@id\":\"https:\\\/\\\/4-pack.com\\\/it\\\/#website\"},\"datePublished\":\"2023-07-03T13:33:02+00:00\",\"dateModified\":\"2024-02-14T11:33:55+00:00\",\"description\":\"Garantisci coerenza e precisione con la gestione delle specifiche del tuo imballaggio e prodotto con il software progettato espertamente da 4Pack.\",\"breadcrumb\":{\"@id\":\"https:\\\/\\\/4-pack.com\\\/it\\\/products\\\/#breadcrumb\"},\"inLanguage\":\"it-IT\",\"potentialAction\":[{\"@type\":\"ReadAction\",\"target\":[\"https:\\\/\\\/4-pack.com\\\/it\\\/products\\\/\"]}]},{\"@type\":\"BreadcrumbList\",\"@id\":\"https:\\\/\\\/4-pack.com\\\/it\\\/products\\\/#breadcrumb\",\"itemListElement\":[{\"@type\":\"ListItem\",\"position\":1,\"name\":\"Home\",\"item\":\"https:\\\/\\\/4-pack.com\\\/it\\\/\"},{\"@type\":\"ListItem\",\"position\":2,\"name\":\"Configurato su misura per le tue esigenze\"}]},{\"@type\":\"WebSite\",\"@id\":\"https:\\\/\\\/4-pack.com\\\/it\\\/#website\",\"url\":\"https:\\\/\\\/4-pack.com\\\/it\\\/\",\"name\":\"4 Pack Italian\",\"description\":\"\",\"potentialAction\":[{\"@type\":\"SearchAction\",\"target\":{\"@type\":\"EntryPoint\",\"urlTemplate\":\"https:\\\/\\\/4-pack.com\\\/it\\\/?s={search_term_string}\"},\"query-input\":{\"@type\":\"PropertyValueSpecification\",\"valueRequired\":true,\"valueName\":\"search_term_string\"}}],\"inLanguage\":\"it-IT\"}]}<\/script>\n<!-- \/ Yoast SEO plugin. -->","yoast_head_json":{"title":"Gestione dei Contenuti delle Specifiche di Imballaggio e Prodotto","description":"Garantisci coerenza e precisione con la gestione delle specifiche del tuo imballaggio e prodotto con il software progettato espertamente da 4Pack.","robots":{"index":"index","follow":"follow","max-snippet":"max-snippet:-1","max-image-preview":"max-image-preview:large","max-video-preview":"max-video-preview:-1"},"canonical":"https:\/\/4-pack.com\/it\/products\/","og_locale":"it_IT","og_type":"article","og_title":"Gestione dei Contenuti delle Specifiche di Imballaggio e Prodotto","og_description":"Garantisci coerenza e precisione con la gestione delle specifiche del tuo imballaggio e prodotto con il software progettato espertamente da 4Pack.","og_url":"https:\/\/4-pack.com\/it\/products\/","og_site_name":"4 Pack Italian","article_modified_time":"2024-02-14T11:33:55+00:00","twitter_card":"summary_large_image","twitter_misc":{"Tempo di lettura stimato":"3 minuti"},"schema":{"@context":"https:\/\/schema.org","@graph":[{"@type":"WebPage","@id":"https:\/\/4-pack.com\/it\/products\/","url":"https:\/\/4-pack.com\/it\/products\/","name":"Gestione dei Contenuti delle Specifiche di Imballaggio e Prodotto","isPartOf":{"@id":"https:\/\/4-pack.com\/it\/#website"},"datePublished":"2023-07-03T13:33:02+00:00","dateModified":"2024-02-14T11:33:55+00:00","description":"Garantisci coerenza e precisione con la gestione delle specifiche del tuo imballaggio e prodotto con il software progettato espertamente da 4Pack.","breadcrumb":{"@id":"https:\/\/4-pack.com\/it\/products\/#breadcrumb"},"inLanguage":"it-IT","potentialAction":[{"@type":"ReadAction","target":["https:\/\/4-pack.com\/it\/products\/"]}]},{"@type":"BreadcrumbList","@id":"https:\/\/4-pack.com\/it\/products\/#breadcrumb","itemListElement":[{"@type":"ListItem","position":1,"name":"Home","item":"https:\/\/4-pack.com\/it\/"},{"@type":"ListItem","position":2,"name":"Configurato su misura per le tue esigenze"}]},{"@type":"WebSite","@id":"https:\/\/4-pack.com\/it\/#website","url":"https:\/\/4-pack.com\/it\/","name":"4 Pack Italian","description":"","potentialAction":[{"@type":"SearchAction","target":{"@type":"EntryPoint","urlTemplate":"https:\/\/4-pack.com\/it\/?s={search_term_string}"},"query-input":{"@type":"PropertyValueSpecification","valueRequired":true,"valueName":"search_term_string"}}],"inLanguage":"it-IT"}]}},"_links":{"self":[{"href":"https:\/\/4-pack.com\/it\/wp-json\/wp\/v2\/pages\/214","targetHints":{"allow":["GET"]}}],"collection":[{"href":"https:\/\/4-pack.com\/it\/wp-json\/wp\/v2\/pages"}],"about":[{"href":"https:\/\/4-pack.com\/it\/wp-json\/wp\/v2\/types\/page"}],"author":[{"embeddable":true,"href":"https:\/\/4-pack.com\/it\/wp-json\/wp\/v2\/users\/1"}],"replies":[{"embeddable":true,"href":"https:\/\/4-pack.com\/it\/wp-json\/wp\/v2\/comments?post=214"}],"version-history":[{"count":15,"href":"https:\/\/4-pack.com\/it\/wp-json\/wp\/v2\/pages\/214\/revisions"}],"predecessor-version":[{"id":1855,"href":"https:\/\/4-pack.com\/it\/wp-json\/wp\/v2\/pages\/214\/revisions\/1855"}],"wp:attachment":[{"href":"https:\/\/4-pack.com\/it\/wp-json\/wp\/v2\/media?parent=214"}],"curies":[{"name":"wp","href":"https:\/\/api.w.org\/{rel}","templated":true}]}}