{"id":299,"date":"2023-07-11T13:58:29","date_gmt":"2023-07-11T12:58:29","guid":{"rendered":"http:\/\/4-pack.com\/?page_id=299"},"modified":"2023-10-06T14:51:17","modified_gmt":"2023-10-06T13:51:17","slug":"challenges","status":"publish","type":"page","link":"https:\/\/4-pack.com\/it\/challenges\/","title":{"rendered":"Le sfide principali affrontate dalle aziende"},"content":{"rendered":"<h2>4Pack supporta i tuoi processi di gestione dei dati di prodotto, del packaging e degli artwork<\/h2>\n<p>Con molteplici linee di prodotti e varianti, tenere traccia delle revisioni degli artwork diventa un compito complesso che richiede molto tempo. 4Pack semplifica questo processo centralizzando tutte le versioni degli artwork, tracciando le modifiche e garantendo la correttezza della grafica per ciascun prodotto, eliminando il rischio di utilizzare design obsoleti o errati.<\/p>\n<p>La correttezza delle specifiche di prodotto \u00e8 fondamentale, ma metodi tradizionali come i fogli di calcolo e i sistemi cartacei non sono sufficienti per garantirne l\u2019accuratezza. Con 4Pack otterrai una piattaforma centralizzata per inserire, aggiornare e recuperare con facilit\u00e0 tutte le informazioni di prodotto. Mantenendo precisione e coerenza in tutta l\u2019organizzazione, puoi soddisfare con sicurezza le esigenze normative e garantire la qualit\u00e0 del prodotto.<\/p>\n<p>Un\u2019altra sfida cruciale \u00e8 gestire con precisione i dati dei fornitori legati ai tuoi prodotti. Grazie a 4Pack, gestisci efficientemente queste informazioni, inclusi ingredienti, certificazioni e documenti di conformit\u00e0. Con dati facilmente accessibili e precisi, puoi assicurare la qualit\u00e0 e la conformit\u00e0 del prodotto, instaurando un rapporto di fiducia con i tuoi clienti e riducendo i rischi.<\/p>\n<p>Anche la ricerca rapida e una reportistica accurata sono essenziali per prendere decisioni informate. Le funzionalit\u00e0 di ricerca intuitiva e gli strumenti di reportistica di 4Pack, consentono un rapido accesso ai dati di prodotto, packaging e artwork fornendo informazioni utili in tempo reale e dandoti le basi per una pianificazione strategica efficace.<\/p>\n<p>Infine, anche le conseguenze di errori e richiami di prodotti possono essere gravi, sia dal punto di vista finanziario che in termini di reputazione del brand. 4Pack riduce questi rischi automatizzando e standardizzando i processi, riducendo notevolmente la probabilit\u00e0 di errori e di richiami di prodotti.<\/p>\n","protected":false},"excerpt":{"rendered":"<p>4Pack supporta i tuoi processi di gestione dei dati di prodotto, del packaging e degli artwork Con molteplici linee di prodotti e varianti, tenere traccia delle revisioni degli artwork diventa un compito complesso che richiede molto tempo. 4Pack semplifica questo processo centralizzando tutte le versioni degli artwork, tracciando le modifiche e garantendo la correttezza della [&hellip;]<\/p>\n","protected":false},"author":1,"featured_media":0,"parent":0,"menu_order":1,"comment_status":"closed","ping_status":"closed","template":"templates\/challenges.php","meta":{"_acf_changed":false,"inline_featured_image":false,"footnotes":""},"class_list":["post-299","page","type-page","status-publish","hentry"],"acf":[],"yoast_head":"<!-- This site is optimized with the Yoast SEO plugin v27.4 - https:\/\/yoast.com\/product\/yoast-seo-wordpress\/ -->\n<title>Navigando le Sfide nella Gestione del Prodotto e dell&#039;Imballaggio<\/title>\n<meta name=\"description\" content=\"Il mancato risolvimento delle sfide nella gestione delle specifiche di prodotto e imballaggio pu\u00f2 comportare costosi errori. Lascia che 4Pack ti aiuti ad evitare questo scenario.\" \/>\n<meta name=\"robots\" content=\"index, follow, max-snippet:-1, max-image-preview:large, max-video-preview:-1\" \/>\n<link rel=\"canonical\" href=\"https:\/\/4-pack.com\/it\/challenges\/\" \/>\n<meta property=\"og:locale\" content=\"it_IT\" \/>\n<meta property=\"og:type\" content=\"article\" \/>\n<meta property=\"og:title\" content=\"Navigando le Sfide nella Gestione del Prodotto e dell&#039;Imballaggio\" \/>\n<meta property=\"og:description\" content=\"Il mancato risolvimento delle sfide nella gestione delle specifiche di prodotto e imballaggio pu\u00f2 comportare costosi errori. Lascia che 4Pack ti aiuti ad evitare questo scenario.\" \/>\n<meta property=\"og:url\" content=\"https:\/\/4-pack.com\/it\/challenges\/\" \/>\n<meta property=\"og:site_name\" content=\"4 Pack Italian\" \/>\n<meta property=\"article:modified_time\" content=\"2023-10-06T13:51:17+00:00\" \/>\n<meta name=\"twitter:card\" content=\"summary_large_image\" \/>\n<meta name=\"twitter:label1\" content=\"Tempo di lettura stimato\" \/>\n\t<meta name=\"twitter:data1\" content=\"2 minuti\" \/>\n<script type=\"application\/ld+json\" class=\"yoast-schema-graph\">{\"@context\":\"https:\\\/\\\/schema.org\",\"@graph\":[{\"@type\":\"WebPage\",\"@id\":\"https:\\\/\\\/4-pack.com\\\/it\\\/challenges\\\/\",\"url\":\"https:\\\/\\\/4-pack.com\\\/it\\\/challenges\\\/\",\"name\":\"Navigando le Sfide nella Gestione del Prodotto e dell'Imballaggio\",\"isPartOf\":{\"@id\":\"https:\\\/\\\/4-pack.com\\\/it\\\/#website\"},\"datePublished\":\"2023-07-11T12:58:29+00:00\",\"dateModified\":\"2023-10-06T13:51:17+00:00\",\"description\":\"Il mancato risolvimento delle sfide nella gestione delle specifiche di prodotto e imballaggio pu\u00f2 comportare costosi errori. Lascia che 4Pack ti aiuti ad evitare questo scenario.\",\"breadcrumb\":{\"@id\":\"https:\\\/\\\/4-pack.com\\\/it\\\/challenges\\\/#breadcrumb\"},\"inLanguage\":\"it-IT\",\"potentialAction\":[{\"@type\":\"ReadAction\",\"target\":[\"https:\\\/\\\/4-pack.com\\\/it\\\/challenges\\\/\"]}]},{\"@type\":\"BreadcrumbList\",\"@id\":\"https:\\\/\\\/4-pack.com\\\/it\\\/challenges\\\/#breadcrumb\",\"itemListElement\":[{\"@type\":\"ListItem\",\"position\":1,\"name\":\"Home\",\"item\":\"https:\\\/\\\/4-pack.com\\\/it\\\/\"},{\"@type\":\"ListItem\",\"position\":2,\"name\":\"Le sfide principali affrontate dalle aziende\"}]},{\"@type\":\"WebSite\",\"@id\":\"https:\\\/\\\/4-pack.com\\\/it\\\/#website\",\"url\":\"https:\\\/\\\/4-pack.com\\\/it\\\/\",\"name\":\"4 Pack Italian\",\"description\":\"\",\"potentialAction\":[{\"@type\":\"SearchAction\",\"target\":{\"@type\":\"EntryPoint\",\"urlTemplate\":\"https:\\\/\\\/4-pack.com\\\/it\\\/?s={search_term_string}\"},\"query-input\":{\"@type\":\"PropertyValueSpecification\",\"valueRequired\":true,\"valueName\":\"search_term_string\"}}],\"inLanguage\":\"it-IT\"}]}<\/script>\n<!-- \/ Yoast SEO plugin. -->","yoast_head_json":{"title":"Navigando le Sfide nella Gestione del Prodotto e dell'Imballaggio","description":"Il mancato risolvimento delle sfide nella gestione delle specifiche di prodotto e imballaggio pu\u00f2 comportare costosi errori. Lascia che 4Pack ti aiuti ad evitare questo scenario.","robots":{"index":"index","follow":"follow","max-snippet":"max-snippet:-1","max-image-preview":"max-image-preview:large","max-video-preview":"max-video-preview:-1"},"canonical":"https:\/\/4-pack.com\/it\/challenges\/","og_locale":"it_IT","og_type":"article","og_title":"Navigando le Sfide nella Gestione del Prodotto e dell'Imballaggio","og_description":"Il mancato risolvimento delle sfide nella gestione delle specifiche di prodotto e imballaggio pu\u00f2 comportare costosi errori. Lascia che 4Pack ti aiuti ad evitare questo scenario.","og_url":"https:\/\/4-pack.com\/it\/challenges\/","og_site_name":"4 Pack Italian","article_modified_time":"2023-10-06T13:51:17+00:00","twitter_card":"summary_large_image","twitter_misc":{"Tempo di lettura stimato":"2 minuti"},"schema":{"@context":"https:\/\/schema.org","@graph":[{"@type":"WebPage","@id":"https:\/\/4-pack.com\/it\/challenges\/","url":"https:\/\/4-pack.com\/it\/challenges\/","name":"Navigando le Sfide nella Gestione del Prodotto e dell'Imballaggio","isPartOf":{"@id":"https:\/\/4-pack.com\/it\/#website"},"datePublished":"2023-07-11T12:58:29+00:00","dateModified":"2023-10-06T13:51:17+00:00","description":"Il mancato risolvimento delle sfide nella gestione delle specifiche di prodotto e imballaggio pu\u00f2 comportare costosi errori. Lascia che 4Pack ti aiuti ad evitare questo scenario.","breadcrumb":{"@id":"https:\/\/4-pack.com\/it\/challenges\/#breadcrumb"},"inLanguage":"it-IT","potentialAction":[{"@type":"ReadAction","target":["https:\/\/4-pack.com\/it\/challenges\/"]}]},{"@type":"BreadcrumbList","@id":"https:\/\/4-pack.com\/it\/challenges\/#breadcrumb","itemListElement":[{"@type":"ListItem","position":1,"name":"Home","item":"https:\/\/4-pack.com\/it\/"},{"@type":"ListItem","position":2,"name":"Le sfide principali affrontate dalle aziende"}]},{"@type":"WebSite","@id":"https:\/\/4-pack.com\/it\/#website","url":"https:\/\/4-pack.com\/it\/","name":"4 Pack Italian","description":"","potentialAction":[{"@type":"SearchAction","target":{"@type":"EntryPoint","urlTemplate":"https:\/\/4-pack.com\/it\/?s={search_term_string}"},"query-input":{"@type":"PropertyValueSpecification","valueRequired":true,"valueName":"search_term_string"}}],"inLanguage":"it-IT"}]}},"_links":{"self":[{"href":"https:\/\/4-pack.com\/it\/wp-json\/wp\/v2\/pages\/299","targetHints":{"allow":["GET"]}}],"collection":[{"href":"https:\/\/4-pack.com\/it\/wp-json\/wp\/v2\/pages"}],"about":[{"href":"https:\/\/4-pack.com\/it\/wp-json\/wp\/v2\/types\/page"}],"author":[{"embeddable":true,"href":"https:\/\/4-pack.com\/it\/wp-json\/wp\/v2\/users\/1"}],"replies":[{"embeddable":true,"href":"https:\/\/4-pack.com\/it\/wp-json\/wp\/v2\/comments?post=299"}],"version-history":[{"count":5,"href":"https:\/\/4-pack.com\/it\/wp-json\/wp\/v2\/pages\/299\/revisions"}],"predecessor-version":[{"id":1733,"href":"https:\/\/4-pack.com\/it\/wp-json\/wp\/v2\/pages\/299\/revisions\/1733"}],"wp:attachment":[{"href":"https:\/\/4-pack.com\/it\/wp-json\/wp\/v2\/media?parent=299"}],"curies":[{"name":"wp","href":"https:\/\/api.w.org\/{rel}","templated":true}]}}